{"id":1339,"date":"2021-03-06T12:22:08","date_gmt":"2021-03-06T17:22:08","guid":{"rendered":"https:\/\/www.kbcls.org\/?page_id=1339"},"modified":"2021-03-07T12:37:53","modified_gmt":"2021-03-07T17:37:53","slug":"a-propos-de-notre-clinique-juridique","status":"publish","type":"page","link":"https:\/\/www.kbcls.org\/fr\/qui-nous-sommes\/a-propos-de-notre-clinique-juridique\/","title":{"rendered":"\u00c0 propos de notre clinique juridique"},"content":{"rendered":"\n<p>Nous sommes une clinique juridique communautaire \u00e0 but non lucratif financ\u00e9e par Aide juridique Ontario.<\/p>\n<p>Nous offrons aux personnes \u00e0 faible revenu du quartier de Kensington-Bellwoods des services juridiques gratuits pour certains probl\u00e8mes.<\/p>\n<p>Nous pouvons:<\/p>\n<ul>\n<li>vous donner des conseils juridiques<\/li>\n<li>vous aider \u00e0 remplir certains types de formulaires, selon les circonstances<\/li>\n<li>vous repr\u00e9senter dans certains tribunaux et cours<\/li>\n<li>vous r\u00e9f\u00e9rer \u00e0 d\u2019autres agences lorsque nous ne pouvons pas vous aider<\/li>\n<\/ul>\n<p>Nous donnons \u00e9galement des s\u00e9ances d&rsquo;information juridique aux membres du public et \u00e0 d&rsquo;autres organismes communautaires. Nous travaillons toujours \u00e0 am\u00e9liorer les lois qui touchent les personnes \u00e0 faible revenu en Ontario avec nos partenaires communautaires.<\/p>\n<p>Un conseil d&rsquo;administration communautaire est responsable de l&rsquo;\u00e9tablissement de la strat\u00e9gie et de la supervision de notre clinique juridique communautaire.<\/p>\n","protected":false},"excerpt":{"rendered":"<p>Nous sommes une clinique juridique communautaire \u00e0 but non lucratif financ\u00e9e par Aide juridique Ontario.<br \/>\nNous offrons aux personnes \u00e0 faible revenu du quartier de Kensington-Bellwoods des services juridiques gratuits pour certains probl\u00e8mes.<br \/>\nNous pouvons:<\/p>\n<p>vous donner des conseils juridiques<br \/>\nvous aider \u00e0 remplir certains types de formulaires, selon les circonstances<br \/>\nvous repr\u00e9senter dans certains tribunaux et cours<br \/>\nvous r\u00e9f\u00e9rer \u00e0 d\u2019autres agences lorsque nous ne pouvons pas vous aider<\/p>\n<p>Nous donnons \u00e9galement des s\u00e9ances d&rsquo;information juridique aux membres du public et \u00e0 d&rsquo;autres organismes communautaires.<\/p>\n","protected":false},"author":2,"featured_media":0,"parent":1337,"menu_order":0,"comment_status":"closed","ping_status":"closed","template":"","meta":{"footnotes":""},"class_list":["post-1339","page","type-page","status-publish","hentry"],"yoast_head":"<!-- This site is optimized with the Yoast SEO plugin v27.0 - https:\/\/yoast.com\/product\/yoast-seo-wordpress\/ -->\n<title>\u00c0 propos de notre clinique juridique &#8211; Kensington-Bellwoods Community Legal Services<\/title>\n<meta name=\"robots\" content=\"index, follow, max-snippet:-1, max-image-preview:large, max-video-preview:-1\" \/>\n<link rel=\"canonical\" href=\"https:\/\/www.kbcls.org\/fr\/qui-nous-sommes\/a-propos-de-notre-clinique-juridique\/\" \/>\n<meta property=\"og:locale\" content=\"fr_FR\" \/>\n<meta property=\"og:type\" content=\"article\" \/>\n<meta property=\"og:title\" content=\"\u00c0 propos de notre clinique juridique &#8211; Kensington-Bellwoods Community Legal Services\" \/>\n<meta property=\"og:description\" content=\"Nous sommes une clinique juridique communautaire \u00e0 but non lucratif financ\u00e9e par Aide juridique Ontario. Nous offrons aux personnes \u00e0 faible revenu du quartier de Kensington-Bellwoods des services juridiques gratuits pour certains probl\u00e8mes. Nous pouvons: vous donner des conseils juridiques vous aider \u00e0 remplir certains types de formulaires, selon les circonstances vous repr\u00e9senter dans certains tribunaux et cours vous r\u00e9f\u00e9rer \u00e0 d\u2019autres agences lorsque nous ne pouvons pas vous aider Nous donnons \u00e9galement des s\u00e9ances d&rsquo;information juridique aux membres du public et \u00e0 d&rsquo;autres organismes communautaires.\" \/>\n<meta property=\"og:url\" content=\"https:\/\/www.kbcls.org\/fr\/qui-nous-sommes\/a-propos-de-notre-clinique-juridique\/\" \/>\n<meta property=\"og:site_name\" content=\"Kensington-Bellwoods Community Legal Services\" \/>\n<meta property=\"article:modified_time\" content=\"2021-03-07T17:37:53+00:00\" \/>\n<meta name=\"twitter:card\" content=\"summary_large_image\" \/>\n<meta name=\"twitter:label1\" content=\"Dur\u00e9e de lecture estim\u00e9e\" \/>\n\t<meta name=\"twitter:data1\" content=\"1 minute\" \/>\n<script type=\"application\/ld+json\" class=\"yoast-schema-graph\">{\"@context\":\"https:\/\/schema.org\",\"@graph\":[{\"@type\":\"WebPage\",\"@id\":\"https:\/\/www.kbcls.org\/fr\/qui-nous-sommes\/a-propos-de-notre-clinique-juridique\/\",\"url\":\"https:\/\/www.kbcls.org\/fr\/qui-nous-sommes\/a-propos-de-notre-clinique-juridique\/\",\"name\":\"\u00c0 propos de notre clinique juridique &#8211; Kensington-Bellwoods Community Legal Services\",\"isPartOf\":{\"@id\":\"https:\/\/www.kbcls.org\/#website\"},\"datePublished\":\"2021-03-06T17:22:08+00:00\",\"dateModified\":\"2021-03-07T17:37:53+00:00\",\"breadcrumb\":{\"@id\":\"https:\/\/www.kbcls.org\/fr\/qui-nous-sommes\/a-propos-de-notre-clinique-juridique\/#breadcrumb\"},\"inLanguage\":\"fr-FR\",\"potentialAction\":[{\"@type\":\"ReadAction\",\"target\":[\"https:\/\/www.kbcls.org\/fr\/qui-nous-sommes\/a-propos-de-notre-clinique-juridique\/\"]}]},{\"@type\":\"BreadcrumbList\",\"@id\":\"https:\/\/www.kbcls.org\/fr\/qui-nous-sommes\/a-propos-de-notre-clinique-juridique\/#breadcrumb\",\"itemListElement\":[{\"@type\":\"ListItem\",\"position\":1,\"name\":\"Home\",\"item\":\"https:\/\/www.kbcls.org\/fr\/\"},{\"@type\":\"ListItem\",\"position\":2,\"name\":\"Qui nous sommes\",\"item\":\"https:\/\/www.kbcls.org\/fr\/qui-nous-sommes\/\"},{\"@type\":\"ListItem\",\"position\":3,\"name\":\"\u00c0 propos de notre clinique juridique\"}]},{\"@type\":\"WebSite\",\"@id\":\"https:\/\/www.kbcls.org\/#website\",\"url\":\"https:\/\/www.kbcls.org\/\",\"name\":\"Kensington-Bellwoods Community Legal Services\",\"description\":\"\",\"potentialAction\":[{\"@type\":\"SearchAction\",\"target\":{\"@type\":\"EntryPoint\",\"urlTemplate\":\"https:\/\/www.kbcls.org\/?s={search_term_string}\"},\"query-input\":{\"@type\":\"PropertyValueSpecification\",\"valueRequired\":true,\"valueName\":\"search_term_string\"}}],\"inLanguage\":\"fr-FR\"}]}<\/script>\n<!-- \/ Yoast SEO plugin. -->","yoast_head_json":{"title":"\u00c0 propos de notre clinique juridique &#8211; Kensington-Bellwoods Community Legal Services","robots":{"index":"index","follow":"follow","max-snippet":"max-snippet:-1","max-image-preview":"max-image-preview:large","max-video-preview":"max-video-preview:-1"},"canonical":"https:\/\/www.kbcls.org\/fr\/qui-nous-sommes\/a-propos-de-notre-clinique-juridique\/","og_locale":"fr_FR","og_type":"article","og_title":"\u00c0 propos de notre clinique juridique &#8211; Kensington-Bellwoods Community Legal Services","og_description":"Nous sommes une clinique juridique communautaire \u00e0 but non lucratif financ\u00e9e par Aide juridique Ontario. Nous offrons aux personnes \u00e0 faible revenu du quartier de Kensington-Bellwoods des services juridiques gratuits pour certains probl\u00e8mes. Nous pouvons: vous donner des conseils juridiques vous aider \u00e0 remplir certains types de formulaires, selon les circonstances vous repr\u00e9senter dans certains tribunaux et cours vous r\u00e9f\u00e9rer \u00e0 d\u2019autres agences lorsque nous ne pouvons pas vous aider Nous donnons \u00e9galement des s\u00e9ances d&rsquo;information juridique aux membres du public et \u00e0 d&rsquo;autres organismes communautaires.","og_url":"https:\/\/www.kbcls.org\/fr\/qui-nous-sommes\/a-propos-de-notre-clinique-juridique\/","og_site_name":"Kensington-Bellwoods Community Legal Services","article_modified_time":"2021-03-07T17:37:53+00:00","twitter_card":"summary_large_image","twitter_misc":{"Dur\u00e9e de lecture estim\u00e9e":"1 minute"},"schema":{"@context":"https:\/\/schema.org","@graph":[{"@type":"WebPage","@id":"https:\/\/www.kbcls.org\/fr\/qui-nous-sommes\/a-propos-de-notre-clinique-juridique\/","url":"https:\/\/www.kbcls.org\/fr\/qui-nous-sommes\/a-propos-de-notre-clinique-juridique\/","name":"\u00c0 propos de notre clinique juridique &#8211; Kensington-Bellwoods Community Legal Services","isPartOf":{"@id":"https:\/\/www.kbcls.org\/#website"},"datePublished":"2021-03-06T17:22:08+00:00","dateModified":"2021-03-07T17:37:53+00:00","breadcrumb":{"@id":"https:\/\/www.kbcls.org\/fr\/qui-nous-sommes\/a-propos-de-notre-clinique-juridique\/#breadcrumb"},"inLanguage":"fr-FR","potentialAction":[{"@type":"ReadAction","target":["https:\/\/www.kbcls.org\/fr\/qui-nous-sommes\/a-propos-de-notre-clinique-juridique\/"]}]},{"@type":"BreadcrumbList","@id":"https:\/\/www.kbcls.org\/fr\/qui-nous-sommes\/a-propos-de-notre-clinique-juridique\/#breadcrumb","itemListElement":[{"@type":"ListItem","position":1,"name":"Home","item":"https:\/\/www.kbcls.org\/fr\/"},{"@type":"ListItem","position":2,"name":"Qui nous sommes","item":"https:\/\/www.kbcls.org\/fr\/qui-nous-sommes\/"},{"@type":"ListItem","position":3,"name":"\u00c0 propos de notre clinique juridique"}]},{"@type":"WebSite","@id":"https:\/\/www.kbcls.org\/#website","url":"https:\/\/www.kbcls.org\/","name":"Kensington-Bellwoods Community Legal Services","description":"","potentialAction":[{"@type":"SearchAction","target":{"@type":"EntryPoint","urlTemplate":"https:\/\/www.kbcls.org\/?s={search_term_string}"},"query-input":{"@type":"PropertyValueSpecification","valueRequired":true,"valueName":"search_term_string"}}],"inLanguage":"fr-FR"}]}},"_links":{"self":[{"href":"https:\/\/www.kbcls.org\/fr\/wp-json\/wp\/v2\/pages\/1339","targetHints":{"allow":["GET"]}}],"collection":[{"href":"https:\/\/www.kbcls.org\/fr\/wp-json\/wp\/v2\/pages"}],"about":[{"href":"https:\/\/www.kbcls.org\/fr\/wp-json\/wp\/v2\/types\/page"}],"author":[{"embeddable":true,"href":"https:\/\/www.kbcls.org\/fr\/wp-json\/wp\/v2\/users\/2"}],"replies":[{"embeddable":true,"href":"https:\/\/www.kbcls.org\/fr\/wp-json\/wp\/v2\/comments?post=1339"}],"version-history":[{"count":2,"href":"https:\/\/www.kbcls.org\/fr\/wp-json\/wp\/v2\/pages\/1339\/revisions"}],"predecessor-version":[{"id":1500,"href":"https:\/\/www.kbcls.org\/fr\/wp-json\/wp\/v2\/pages\/1339\/revisions\/1500"}],"up":[{"embeddable":true,"href":"https:\/\/www.kbcls.org\/fr\/wp-json\/wp\/v2\/pages\/1337"}],"wp:attachment":[{"href":"https:\/\/www.kbcls.org\/fr\/wp-json\/wp\/v2\/media?parent=1339"}],"curies":[{"name":"wp","href":"https:\/\/api.w.org\/{rel}","templated":true}]}}