{"id":1343,"date":"2021-03-06T12:27:56","date_gmt":"2021-03-06T17:27:56","guid":{"rendered":"https:\/\/www.kbcls.org\/?page_id=1343"},"modified":"2021-03-07T12:40:18","modified_gmt":"2021-03-07T17:40:18","slug":"devenir-un-membre","status":"publish","type":"page","link":"https:\/\/www.kbcls.org\/fr\/qui-nous-sommes\/devenir-un-membre\/","title":{"rendered":"Devenir un membre"},"content":{"rendered":"\n<h3>Comment vous pouvez vous impliquer<\/h3>\n<p>Si vous envisagez de vous impliquer dans notre clinique, l&rsquo;assembl\u00e9e g\u00e9n\u00e9rale annuelle est une excellente occasion d&rsquo;en apprendre davantage sur la clinique et ses activit\u00e9s. Vous n&rsquo;avez pas besoin d&rsquo;\u00eatre membre de la clinique pour y assister, bien que seuls les membres inscrits de la clinique pourront voter lors de l&rsquo;\u00e9lection des nouveaux membres du conseil communautaire. Il a g\u00e9n\u00e9ralement lieu en novembre. Appelez-nous pour plus de d\u00e9tails au 416-924-4244, p. 21.<\/p>\n<h3>Joignez-nous! Devenez membre de KBCLS<\/h3>\n<p>Kensington-Bellwoods Community Legal Services est une soci\u00e9t\u00e9 \u00e0 but non lucratif. Ses membres ont le droit de proposer des candidats au Conseil, se pr\u00e9senter aux \u00e9lections \u00e0 notre conseil d&rsquo;administration et voter aux assembl\u00e9es g\u00e9n\u00e9rales et sp\u00e9ciales annuelles convoqu\u00e9es par le conseil.<\/p>\n<p>Si vous r\u00e9pondez aux crit\u00e8res suivants, vous \u00eates admissible \u00e0 devenir membre de la soci\u00e9t\u00e9:<\/p>\n<ul>\n<li>Vous avez 18 ans ou plus, et<\/li>\n<li>Vous \u00eates associ\u00e9 \u00e0 la communaut\u00e9 que nous desservons de l&rsquo;une ou de plusieurs des mani\u00e8res suivantes: habitez ou travaillez ou avez un lien important avec la zone d\u00e9limit\u00e9e par le c\u00f4t\u00e9 est de l&rsquo;avenue Ossington \/ l&rsquo;avenue Strachan, du c\u00f4t\u00e9 ouest de la rue Yonge, au sud c\u00f4t\u00e9 de la rue Bloor et au nord du lac Ontario, ou vous \u00eates admissible aux services de la clinique.<\/li>\n<li>Vous \u00eates d&rsquo;accord avec les objectifs et les buts de la soci\u00e9t\u00e9. L&rsquo;adh\u00e9sion est gratuite et ne n\u00e9cessite pas de renouvellement annuel. La demande d\u2019adh\u00e9sion est soumise \u00e0 l\u2019approbation du comit\u00e9 des politiques de la clinique. Cliquez <a href=\"https:\/\/www.kbcls.org\/wp-content\/uploads\/2021\/01\/Membership_Application.pdf\" target=\"_blank\" rel=\"noopener\">ici<\/a> pour t\u00e9l\u00e9charger la demande d&rsquo;adh\u00e9sion, envoyez-la par courrier postal ou scannez-la et envoyez-la par courriel \u00e0 <a href=\"mailto:kenbst3@lao.on.ca\">kenbst3@lao.on.ca<\/a>, ou contactez-nous au 416-924-4244 pour plus d&rsquo;informations.<\/li>\n<\/ul>\n","protected":false},"excerpt":{"rendered":"<p>Comment vous pouvez vous impliquer<br \/>\nSi vous envisagez de vous impliquer dans notre clinique, l&rsquo;assembl\u00e9e g\u00e9n\u00e9rale annuelle est une excellente occasion d&rsquo;en apprendre davantage sur la clinique et ses activit\u00e9s. Vous n&rsquo;avez pas besoin d&rsquo;\u00eatre membre de la clinique pour y assister, bien que seuls les membres inscrits de la clinique pourront voter lors de l&rsquo;\u00e9lection des nouveaux membres du conseil communautaire.<\/p>\n","protected":false},"author":2,"featured_media":0,"parent":1337,"menu_order":0,"comment_status":"closed","ping_status":"closed","template":"","meta":{"footnotes":""},"class_list":["post-1343","page","type-page","status-publish","hentry"],"yoast_head":"<!-- This site is optimized with the Yoast SEO plugin v27.0 - https:\/\/yoast.com\/product\/yoast-seo-wordpress\/ -->\n<title>Devenir un membre &#8211; Kensington-Bellwoods Community Legal Services<\/title>\n<meta name=\"robots\" content=\"index, follow, max-snippet:-1, max-image-preview:large, max-video-preview:-1\" \/>\n<link rel=\"canonical\" href=\"https:\/\/www.kbcls.org\/fr\/qui-nous-sommes\/devenir-un-membre\/\" \/>\n<meta property=\"og:locale\" content=\"fr_FR\" \/>\n<meta property=\"og:type\" content=\"article\" \/>\n<meta property=\"og:title\" content=\"Devenir un membre &#8211; Kensington-Bellwoods Community Legal Services\" \/>\n<meta property=\"og:description\" content=\"Comment vous pouvez vous impliquer Si vous envisagez de vous impliquer dans notre clinique, l&rsquo;assembl\u00e9e g\u00e9n\u00e9rale annuelle est une excellente occasion d&rsquo;en apprendre davantage sur la clinique et ses activit\u00e9s. Vous n&rsquo;avez pas besoin d&rsquo;\u00eatre membre de la clinique pour y assister, bien que seuls les membres inscrits de la clinique pourront voter lors de l&rsquo;\u00e9lection des nouveaux membres du conseil communautaire.\" \/>\n<meta property=\"og:url\" content=\"https:\/\/www.kbcls.org\/fr\/qui-nous-sommes\/devenir-un-membre\/\" \/>\n<meta property=\"og:site_name\" content=\"Kensington-Bellwoods Community Legal Services\" \/>\n<meta property=\"article:modified_time\" content=\"2021-03-07T17:40:18+00:00\" \/>\n<meta name=\"twitter:card\" content=\"summary_large_image\" \/>\n<meta name=\"twitter:label1\" content=\"Dur\u00e9e de lecture estim\u00e9e\" \/>\n\t<meta name=\"twitter:data1\" content=\"2 minutes\" \/>\n<script type=\"application\/ld+json\" class=\"yoast-schema-graph\">{\"@context\":\"https:\/\/schema.org\",\"@graph\":[{\"@type\":\"WebPage\",\"@id\":\"https:\/\/www.kbcls.org\/fr\/qui-nous-sommes\/devenir-un-membre\/\",\"url\":\"https:\/\/www.kbcls.org\/fr\/qui-nous-sommes\/devenir-un-membre\/\",\"name\":\"Devenir un membre &#8211; Kensington-Bellwoods Community Legal Services\",\"isPartOf\":{\"@id\":\"https:\/\/www.kbcls.org\/#website\"},\"datePublished\":\"2021-03-06T17:27:56+00:00\",\"dateModified\":\"2021-03-07T17:40:18+00:00\",\"breadcrumb\":{\"@id\":\"https:\/\/www.kbcls.org\/fr\/qui-nous-sommes\/devenir-un-membre\/#breadcrumb\"},\"inLanguage\":\"fr-FR\",\"potentialAction\":[{\"@type\":\"ReadAction\",\"target\":[\"https:\/\/www.kbcls.org\/fr\/qui-nous-sommes\/devenir-un-membre\/\"]}]},{\"@type\":\"BreadcrumbList\",\"@id\":\"https:\/\/www.kbcls.org\/fr\/qui-nous-sommes\/devenir-un-membre\/#breadcrumb\",\"itemListElement\":[{\"@type\":\"ListItem\",\"position\":1,\"name\":\"Home\",\"item\":\"https:\/\/www.kbcls.org\/fr\/\"},{\"@type\":\"ListItem\",\"position\":2,\"name\":\"Qui nous sommes\",\"item\":\"https:\/\/www.kbcls.org\/fr\/qui-nous-sommes\/\"},{\"@type\":\"ListItem\",\"position\":3,\"name\":\"Devenir un membre\"}]},{\"@type\":\"WebSite\",\"@id\":\"https:\/\/www.kbcls.org\/#website\",\"url\":\"https:\/\/www.kbcls.org\/\",\"name\":\"Kensington-Bellwoods Community Legal Services\",\"description\":\"\",\"potentialAction\":[{\"@type\":\"SearchAction\",\"target\":{\"@type\":\"EntryPoint\",\"urlTemplate\":\"https:\/\/www.kbcls.org\/?s={search_term_string}\"},\"query-input\":{\"@type\":\"PropertyValueSpecification\",\"valueRequired\":true,\"valueName\":\"search_term_string\"}}],\"inLanguage\":\"fr-FR\"}]}<\/script>\n<!-- \/ Yoast SEO plugin. -->","yoast_head_json":{"title":"Devenir un membre &#8211; Kensington-Bellwoods Community Legal Services","robots":{"index":"index","follow":"follow","max-snippet":"max-snippet:-1","max-image-preview":"max-image-preview:large","max-video-preview":"max-video-preview:-1"},"canonical":"https:\/\/www.kbcls.org\/fr\/qui-nous-sommes\/devenir-un-membre\/","og_locale":"fr_FR","og_type":"article","og_title":"Devenir un membre &#8211; Kensington-Bellwoods Community Legal Services","og_description":"Comment vous pouvez vous impliquer Si vous envisagez de vous impliquer dans notre clinique, l&rsquo;assembl\u00e9e g\u00e9n\u00e9rale annuelle est une excellente occasion d&rsquo;en apprendre davantage sur la clinique et ses activit\u00e9s. Vous n&rsquo;avez pas besoin d&rsquo;\u00eatre membre de la clinique pour y assister, bien que seuls les membres inscrits de la clinique pourront voter lors de l&rsquo;\u00e9lection des nouveaux membres du conseil communautaire.","og_url":"https:\/\/www.kbcls.org\/fr\/qui-nous-sommes\/devenir-un-membre\/","og_site_name":"Kensington-Bellwoods Community Legal Services","article_modified_time":"2021-03-07T17:40:18+00:00","twitter_card":"summary_large_image","twitter_misc":{"Dur\u00e9e de lecture estim\u00e9e":"2 minutes"},"schema":{"@context":"https:\/\/schema.org","@graph":[{"@type":"WebPage","@id":"https:\/\/www.kbcls.org\/fr\/qui-nous-sommes\/devenir-un-membre\/","url":"https:\/\/www.kbcls.org\/fr\/qui-nous-sommes\/devenir-un-membre\/","name":"Devenir un membre &#8211; Kensington-Bellwoods Community Legal Services","isPartOf":{"@id":"https:\/\/www.kbcls.org\/#website"},"datePublished":"2021-03-06T17:27:56+00:00","dateModified":"2021-03-07T17:40:18+00:00","breadcrumb":{"@id":"https:\/\/www.kbcls.org\/fr\/qui-nous-sommes\/devenir-un-membre\/#breadcrumb"},"inLanguage":"fr-FR","potentialAction":[{"@type":"ReadAction","target":["https:\/\/www.kbcls.org\/fr\/qui-nous-sommes\/devenir-un-membre\/"]}]},{"@type":"BreadcrumbList","@id":"https:\/\/www.kbcls.org\/fr\/qui-nous-sommes\/devenir-un-membre\/#breadcrumb","itemListElement":[{"@type":"ListItem","position":1,"name":"Home","item":"https:\/\/www.kbcls.org\/fr\/"},{"@type":"ListItem","position":2,"name":"Qui nous sommes","item":"https:\/\/www.kbcls.org\/fr\/qui-nous-sommes\/"},{"@type":"ListItem","position":3,"name":"Devenir un membre"}]},{"@type":"WebSite","@id":"https:\/\/www.kbcls.org\/#website","url":"https:\/\/www.kbcls.org\/","name":"Kensington-Bellwoods Community Legal Services","description":"","potentialAction":[{"@type":"SearchAction","target":{"@type":"EntryPoint","urlTemplate":"https:\/\/www.kbcls.org\/?s={search_term_string}"},"query-input":{"@type":"PropertyValueSpecification","valueRequired":true,"valueName":"search_term_string"}}],"inLanguage":"fr-FR"}]}},"_links":{"self":[{"href":"https:\/\/www.kbcls.org\/fr\/wp-json\/wp\/v2\/pages\/1343","targetHints":{"allow":["GET"]}}],"collection":[{"href":"https:\/\/www.kbcls.org\/fr\/wp-json\/wp\/v2\/pages"}],"about":[{"href":"https:\/\/www.kbcls.org\/fr\/wp-json\/wp\/v2\/types\/page"}],"author":[{"embeddable":true,"href":"https:\/\/www.kbcls.org\/fr\/wp-json\/wp\/v2\/users\/2"}],"replies":[{"embeddable":true,"href":"https:\/\/www.kbcls.org\/fr\/wp-json\/wp\/v2\/comments?post=1343"}],"version-history":[{"count":2,"href":"https:\/\/www.kbcls.org\/fr\/wp-json\/wp\/v2\/pages\/1343\/revisions"}],"predecessor-version":[{"id":1501,"href":"https:\/\/www.kbcls.org\/fr\/wp-json\/wp\/v2\/pages\/1343\/revisions\/1501"}],"up":[{"embeddable":true,"href":"https:\/\/www.kbcls.org\/fr\/wp-json\/wp\/v2\/pages\/1337"}],"wp:attachment":[{"href":"https:\/\/www.kbcls.org\/fr\/wp-json\/wp\/v2\/media?parent=1343"}],"curies":[{"name":"wp","href":"https:\/\/api.w.org\/{rel}","templated":true}]}}