{"id":1350,"date":"2021-03-06T12:34:18","date_gmt":"2021-03-06T17:34:18","guid":{"rendered":"https:\/\/www.kbcls.org\/?page_id=1350"},"modified":"2021-03-06T12:34:25","modified_gmt":"2021-03-06T17:34:25","slug":"se-joindre-au-conseil-dadministration","status":"publish","type":"page","link":"https:\/\/www.kbcls.org\/fr\/qui-nous-sommes\/se-joindre-au-conseil-dadministration\/","title":{"rendered":"Se joindre au conseil d&rsquo;administration"},"content":{"rendered":"\n<h3>Conseil d&rsquo;administration<\/h3>\n<p>Kensington-Bellwoods Community Legal Services est une soci\u00e9t\u00e9 \u00e0 but non lucratif. Elle est g\u00e9r\u00e9s par un conseil d&rsquo;administration b\u00e9n\u00e9vole compos\u00e9 de membres de la communaut\u00e9 qui vivent, travaillent ou ont un lien important \u00e0 la zone desservie par la clinique.<\/p>\n<h3>Responsabilit\u00e9s d&rsquo;un membre du conseil:<\/h3>\n<ul>\n<li>Servir \u00e0 titre b\u00e9n\u00e9vole sans r\u00e9mun\u00e9ration ni profit.<\/li>\n<li>Participer activement \u00e0 un ou plusieurs comit\u00e9s du conseil en plus d&rsquo;assister aux r\u00e9unions mensuelles du conseil (environ 3 \u00e0 6 heures par mois).<\/li>\n<li>Avoir un sentiment d\u2019engagement et comprendre le but, les politiques et les programmes de la Clinique.<\/li>\n<li>Est conscient de l&rsquo;\u00e9volution des tendances communautaires et des besoins des clients. Repr\u00e9senter la clinique dans la communaut\u00e9.<\/li>\n<li>Travaillez en collaboration au sein d&rsquo;un groupe.<\/li>\n<\/ul>\n<h3>Devenir membre du conseil:<\/h3>\n<p>Nous accueillons ceux qui ont des comp\u00e9tences financi\u00e8res, une exp\u00e9rience de n\u00e9gociation collective \/ de n\u00e9gociation de travail, des comp\u00e9tences d&rsquo;organisation communautaire et ceux qui sont impliqu\u00e9s et \/ ou int\u00e9ress\u00e9s par la justice sociale. La nomination des candidats aux fonctions de membre du Conseil peut \u00eatre faite lors de l&rsquo;Assembl\u00e9e g\u00e9n\u00e9rale annuelle. Les candidats doivent \u00eatre membres en r\u00e8gle, au moins cinq jours francs avant la date de l&rsquo;\u00e9lection. Les candidatures \u00e9crites peuvent \u00eatre d\u00e9pos\u00e9es avant le d\u00e9but de la r\u00e9union et doivent indiquer que le candidat accepte de se pr\u00e9senter. Si vous \u00eates int\u00e9ress\u00e9 \u00e0 devenir candidat \u00e0 notre conseil d&rsquo;administration, veuillez appeler la clinique juridique au 416-924-4244, poste 21.<\/p>\n","protected":false},"excerpt":{"rendered":"<p>Conseil d&rsquo;administration<br \/>\nKensington-Bellwoods Community Legal Services est une soci\u00e9t\u00e9 \u00e0 but non lucratif. Elle est g\u00e9r\u00e9s par un conseil d&rsquo;administration b\u00e9n\u00e9vole compos\u00e9 de membres de la communaut\u00e9 qui vivent, travaillent ou ont un lien important \u00e0 la zone desservie par la clinique.<br \/>\nResponsabilit\u00e9s d&rsquo;un membre du conseil:<\/p>\n<p>Servir \u00e0 titre b\u00e9n\u00e9vole sans r\u00e9mun\u00e9ration ni profit.<\/p>\n","protected":false},"author":2,"featured_media":0,"parent":1337,"menu_order":0,"comment_status":"closed","ping_status":"closed","template":"","meta":{"footnotes":""},"class_list":["post-1350","page","type-page","status-publish","hentry"],"yoast_head":"<!-- This site is optimized with the Yoast SEO plugin v27.0 - https:\/\/yoast.com\/product\/yoast-seo-wordpress\/ -->\n<title>Se joindre au conseil d&#039;administration &#8211; Kensington-Bellwoods Community Legal Services<\/title>\n<meta name=\"robots\" content=\"index, follow, max-snippet:-1, max-image-preview:large, max-video-preview:-1\" \/>\n<link rel=\"canonical\" href=\"https:\/\/www.kbcls.org\/fr\/qui-nous-sommes\/se-joindre-au-conseil-dadministration\/\" \/>\n<meta property=\"og:locale\" content=\"fr_FR\" \/>\n<meta property=\"og:type\" content=\"article\" \/>\n<meta property=\"og:title\" content=\"Se joindre au conseil d&#039;administration &#8211; Kensington-Bellwoods Community Legal Services\" \/>\n<meta property=\"og:description\" content=\"Conseil d&rsquo;administration Kensington-Bellwoods Community Legal Services est une soci\u00e9t\u00e9 \u00e0 but non lucratif. Elle est g\u00e9r\u00e9s par un conseil d&rsquo;administration b\u00e9n\u00e9vole compos\u00e9 de membres de la communaut\u00e9 qui vivent, travaillent ou ont un lien important \u00e0 la zone desservie par la clinique. Responsabilit\u00e9s d&rsquo;un membre du conseil: Servir \u00e0 titre b\u00e9n\u00e9vole sans r\u00e9mun\u00e9ration ni profit.\" \/>\n<meta property=\"og:url\" content=\"https:\/\/www.kbcls.org\/fr\/qui-nous-sommes\/se-joindre-au-conseil-dadministration\/\" \/>\n<meta property=\"og:site_name\" content=\"Kensington-Bellwoods Community Legal Services\" \/>\n<meta property=\"article:modified_time\" content=\"2021-03-06T17:34:25+00:00\" \/>\n<meta name=\"twitter:card\" content=\"summary_large_image\" \/>\n<meta name=\"twitter:label1\" content=\"Dur\u00e9e de lecture estim\u00e9e\" \/>\n\t<meta name=\"twitter:data1\" content=\"2 minutes\" \/>\n<script type=\"application\/ld+json\" class=\"yoast-schema-graph\">{\"@context\":\"https:\/\/schema.org\",\"@graph\":[{\"@type\":\"WebPage\",\"@id\":\"https:\/\/www.kbcls.org\/fr\/qui-nous-sommes\/se-joindre-au-conseil-dadministration\/\",\"url\":\"https:\/\/www.kbcls.org\/fr\/qui-nous-sommes\/se-joindre-au-conseil-dadministration\/\",\"name\":\"Se joindre au conseil d'administration &#8211; Kensington-Bellwoods Community Legal Services\",\"isPartOf\":{\"@id\":\"https:\/\/www.kbcls.org\/#website\"},\"datePublished\":\"2021-03-06T17:34:18+00:00\",\"dateModified\":\"2021-03-06T17:34:25+00:00\",\"breadcrumb\":{\"@id\":\"https:\/\/www.kbcls.org\/fr\/qui-nous-sommes\/se-joindre-au-conseil-dadministration\/#breadcrumb\"},\"inLanguage\":\"fr-FR\",\"potentialAction\":[{\"@type\":\"ReadAction\",\"target\":[\"https:\/\/www.kbcls.org\/fr\/qui-nous-sommes\/se-joindre-au-conseil-dadministration\/\"]}]},{\"@type\":\"BreadcrumbList\",\"@id\":\"https:\/\/www.kbcls.org\/fr\/qui-nous-sommes\/se-joindre-au-conseil-dadministration\/#breadcrumb\",\"itemListElement\":[{\"@type\":\"ListItem\",\"position\":1,\"name\":\"Home\",\"item\":\"https:\/\/www.kbcls.org\/fr\/\"},{\"@type\":\"ListItem\",\"position\":2,\"name\":\"Qui nous sommes\",\"item\":\"https:\/\/www.kbcls.org\/fr\/qui-nous-sommes\/\"},{\"@type\":\"ListItem\",\"position\":3,\"name\":\"Se joindre au conseil d&rsquo;administration\"}]},{\"@type\":\"WebSite\",\"@id\":\"https:\/\/www.kbcls.org\/#website\",\"url\":\"https:\/\/www.kbcls.org\/\",\"name\":\"Kensington-Bellwoods Community Legal Services\",\"description\":\"\",\"potentialAction\":[{\"@type\":\"SearchAction\",\"target\":{\"@type\":\"EntryPoint\",\"urlTemplate\":\"https:\/\/www.kbcls.org\/?s={search_term_string}\"},\"query-input\":{\"@type\":\"PropertyValueSpecification\",\"valueRequired\":true,\"valueName\":\"search_term_string\"}}],\"inLanguage\":\"fr-FR\"}]}<\/script>\n<!-- \/ Yoast SEO plugin. -->","yoast_head_json":{"title":"Se joindre au conseil d'administration &#8211; Kensington-Bellwoods Community Legal Services","robots":{"index":"index","follow":"follow","max-snippet":"max-snippet:-1","max-image-preview":"max-image-preview:large","max-video-preview":"max-video-preview:-1"},"canonical":"https:\/\/www.kbcls.org\/fr\/qui-nous-sommes\/se-joindre-au-conseil-dadministration\/","og_locale":"fr_FR","og_type":"article","og_title":"Se joindre au conseil d'administration &#8211; Kensington-Bellwoods Community Legal Services","og_description":"Conseil d&rsquo;administration Kensington-Bellwoods Community Legal Services est une soci\u00e9t\u00e9 \u00e0 but non lucratif. Elle est g\u00e9r\u00e9s par un conseil d&rsquo;administration b\u00e9n\u00e9vole compos\u00e9 de membres de la communaut\u00e9 qui vivent, travaillent ou ont un lien important \u00e0 la zone desservie par la clinique. Responsabilit\u00e9s d&rsquo;un membre du conseil: Servir \u00e0 titre b\u00e9n\u00e9vole sans r\u00e9mun\u00e9ration ni profit.","og_url":"https:\/\/www.kbcls.org\/fr\/qui-nous-sommes\/se-joindre-au-conseil-dadministration\/","og_site_name":"Kensington-Bellwoods Community Legal Services","article_modified_time":"2021-03-06T17:34:25+00:00","twitter_card":"summary_large_image","twitter_misc":{"Dur\u00e9e de lecture estim\u00e9e":"2 minutes"},"schema":{"@context":"https:\/\/schema.org","@graph":[{"@type":"WebPage","@id":"https:\/\/www.kbcls.org\/fr\/qui-nous-sommes\/se-joindre-au-conseil-dadministration\/","url":"https:\/\/www.kbcls.org\/fr\/qui-nous-sommes\/se-joindre-au-conseil-dadministration\/","name":"Se joindre au conseil d'administration &#8211; Kensington-Bellwoods Community Legal Services","isPartOf":{"@id":"https:\/\/www.kbcls.org\/#website"},"datePublished":"2021-03-06T17:34:18+00:00","dateModified":"2021-03-06T17:34:25+00:00","breadcrumb":{"@id":"https:\/\/www.kbcls.org\/fr\/qui-nous-sommes\/se-joindre-au-conseil-dadministration\/#breadcrumb"},"inLanguage":"fr-FR","potentialAction":[{"@type":"ReadAction","target":["https:\/\/www.kbcls.org\/fr\/qui-nous-sommes\/se-joindre-au-conseil-dadministration\/"]}]},{"@type":"BreadcrumbList","@id":"https:\/\/www.kbcls.org\/fr\/qui-nous-sommes\/se-joindre-au-conseil-dadministration\/#breadcrumb","itemListElement":[{"@type":"ListItem","position":1,"name":"Home","item":"https:\/\/www.kbcls.org\/fr\/"},{"@type":"ListItem","position":2,"name":"Qui nous sommes","item":"https:\/\/www.kbcls.org\/fr\/qui-nous-sommes\/"},{"@type":"ListItem","position":3,"name":"Se joindre au conseil d&rsquo;administration"}]},{"@type":"WebSite","@id":"https:\/\/www.kbcls.org\/#website","url":"https:\/\/www.kbcls.org\/","name":"Kensington-Bellwoods Community Legal Services","description":"","potentialAction":[{"@type":"SearchAction","target":{"@type":"EntryPoint","urlTemplate":"https:\/\/www.kbcls.org\/?s={search_term_string}"},"query-input":{"@type":"PropertyValueSpecification","valueRequired":true,"valueName":"search_term_string"}}],"inLanguage":"fr-FR"}]}},"_links":{"self":[{"href":"https:\/\/www.kbcls.org\/fr\/wp-json\/wp\/v2\/pages\/1350","targetHints":{"allow":["GET"]}}],"collection":[{"href":"https:\/\/www.kbcls.org\/fr\/wp-json\/wp\/v2\/pages"}],"about":[{"href":"https:\/\/www.kbcls.org\/fr\/wp-json\/wp\/v2\/types\/page"}],"author":[{"embeddable":true,"href":"https:\/\/www.kbcls.org\/fr\/wp-json\/wp\/v2\/users\/2"}],"replies":[{"embeddable":true,"href":"https:\/\/www.kbcls.org\/fr\/wp-json\/wp\/v2\/comments?post=1350"}],"version-history":[{"count":1,"href":"https:\/\/www.kbcls.org\/fr\/wp-json\/wp\/v2\/pages\/1350\/revisions"}],"predecessor-version":[{"id":1351,"href":"https:\/\/www.kbcls.org\/fr\/wp-json\/wp\/v2\/pages\/1350\/revisions\/1351"}],"up":[{"embeddable":true,"href":"https:\/\/www.kbcls.org\/fr\/wp-json\/wp\/v2\/pages\/1337"}],"wp:attachment":[{"href":"https:\/\/www.kbcls.org\/fr\/wp-json\/wp\/v2\/media?parent=1350"}],"curies":[{"name":"wp","href":"https:\/\/api.w.org\/{rel}","templated":true}]}}