{"id":1354,"date":"2021-03-06T12:37:10","date_gmt":"2021-03-06T17:37:10","guid":{"rendered":"https:\/\/www.kbcls.org\/?page_id=1354"},"modified":"2021-03-06T12:37:16","modified_gmt":"2021-03-06T17:37:16","slug":"principes","status":"publish","type":"page","link":"https:\/\/www.kbcls.org\/fr\/qui-nous-sommes\/principes\/","title":{"rendered":"Principes"},"content":{"rendered":"\n<p>Les Services juridiques communautaires de Kensington-Bellwoods s&rsquo;engagent \u00e0 fournir une assistance juridique aux personnes \u00e0 faible revenu dans la zone d\u00e9limit\u00e9e par l&rsquo;avenue Ossington \/ l&rsquo;avenue Strachan, la rue Yonge, la rue Bloor et le lac Ontario. Cela comprend la fourniture de conseils sommaires, de repr\u00e9sentation et d&rsquo;assistance, ainsi que l&rsquo;aiguillage sur des questions non juridiques qui int\u00e9ressent les clients; sensibilisation communautaire; organisation communautaire; \u00e9ducation communautaire; et organiser des activit\u00e9s de r\u00e9forme du droit visant \u00e0 am\u00e9liorer la situation juridique et \u00e9conomique des personnes \u00e0 faible revenu en Ontario.<\/p>\n<p>Notre objectif est de travailler \u00e0 l&rsquo;\u00e9limination de la pauvret\u00e9 dans notre soci\u00e9t\u00e9 et d&rsquo;assurer l&rsquo;\u00e9galit\u00e9 devant la loi. \u00c0 cette fin, nous nous engageons \u00e0 travailler avec d&rsquo;autres personnes et groupes qui partagent cet objectif et \u00e0 organiser la communaut\u00e9 pour apporter des changements \u00e0 la loi qui am\u00e9liorent le statut juridique et \u00e9conomique des personnes \u00e0 faible revenu en Ontario.<\/p>\n<p>Kensington-Bellwoods Community Legal Services s&rsquo;engage \u00e0 une politique de non-discrimination fond\u00e9e sur la race, la croyance, la couleur, l&rsquo;origine nationale, l&rsquo;appartenance politique ou religieuse, le sexe, l&rsquo;orientation sexuelle, l&rsquo;\u00e2ge, l&rsquo;\u00e9tat matrimonial, les relations familiales et \/ ou le handicap.<\/p>\n","protected":false},"excerpt":{"rendered":"<p>Les Services juridiques communautaires de Kensington-Bellwoods s&rsquo;engagent \u00e0 fournir une assistance juridique aux personnes \u00e0 faible revenu dans la zone d\u00e9limit\u00e9e par l&rsquo;avenue Ossington \/ l&rsquo;avenue Strachan, la rue Yonge, la rue Bloor et le lac Ontario. Cela comprend la fourniture de conseils sommaires, de repr\u00e9sentation et d&rsquo;assistance, ainsi que l&rsquo;aiguillage sur des questions non juridiques qui int\u00e9ressent les clients;<\/p>\n","protected":false},"author":2,"featured_media":0,"parent":1337,"menu_order":0,"comment_status":"closed","ping_status":"closed","template":"","meta":{"footnotes":""},"class_list":["post-1354","page","type-page","status-publish","hentry"],"yoast_head":"<!-- This site is optimized with the Yoast SEO plugin v27.0 - https:\/\/yoast.com\/product\/yoast-seo-wordpress\/ -->\n<title>Principes &#8211; Kensington-Bellwoods Community Legal Services<\/title>\n<meta name=\"robots\" content=\"index, follow, max-snippet:-1, max-image-preview:large, max-video-preview:-1\" \/>\n<link rel=\"canonical\" href=\"https:\/\/www.kbcls.org\/fr\/qui-nous-sommes\/principes\/\" \/>\n<meta property=\"og:locale\" content=\"fr_FR\" \/>\n<meta property=\"og:type\" content=\"article\" \/>\n<meta property=\"og:title\" content=\"Principes &#8211; Kensington-Bellwoods Community Legal Services\" \/>\n<meta property=\"og:description\" content=\"Les Services juridiques communautaires de Kensington-Bellwoods s&rsquo;engagent \u00e0 fournir une assistance juridique aux personnes \u00e0 faible revenu dans la zone d\u00e9limit\u00e9e par l&rsquo;avenue Ossington \/ l&rsquo;avenue Strachan, la rue Yonge, la rue Bloor et le lac Ontario. Cela comprend la fourniture de conseils sommaires, de repr\u00e9sentation et d&rsquo;assistance, ainsi que l&rsquo;aiguillage sur des questions non juridiques qui int\u00e9ressent les clients;\" \/>\n<meta property=\"og:url\" content=\"https:\/\/www.kbcls.org\/fr\/qui-nous-sommes\/principes\/\" \/>\n<meta property=\"og:site_name\" content=\"Kensington-Bellwoods Community Legal Services\" \/>\n<meta property=\"article:modified_time\" content=\"2021-03-06T17:37:16+00:00\" \/>\n<meta name=\"twitter:card\" content=\"summary_large_image\" \/>\n<meta name=\"twitter:label1\" content=\"Dur\u00e9e de lecture estim\u00e9e\" \/>\n\t<meta name=\"twitter:data1\" content=\"1 minute\" \/>\n<script type=\"application\/ld+json\" class=\"yoast-schema-graph\">{\"@context\":\"https:\/\/schema.org\",\"@graph\":[{\"@type\":\"WebPage\",\"@id\":\"https:\/\/www.kbcls.org\/fr\/qui-nous-sommes\/principes\/\",\"url\":\"https:\/\/www.kbcls.org\/fr\/qui-nous-sommes\/principes\/\",\"name\":\"Principes &#8211; Kensington-Bellwoods Community Legal Services\",\"isPartOf\":{\"@id\":\"https:\/\/www.kbcls.org\/#website\"},\"datePublished\":\"2021-03-06T17:37:10+00:00\",\"dateModified\":\"2021-03-06T17:37:16+00:00\",\"breadcrumb\":{\"@id\":\"https:\/\/www.kbcls.org\/fr\/qui-nous-sommes\/principes\/#breadcrumb\"},\"inLanguage\":\"fr-FR\",\"potentialAction\":[{\"@type\":\"ReadAction\",\"target\":[\"https:\/\/www.kbcls.org\/fr\/qui-nous-sommes\/principes\/\"]}]},{\"@type\":\"BreadcrumbList\",\"@id\":\"https:\/\/www.kbcls.org\/fr\/qui-nous-sommes\/principes\/#breadcrumb\",\"itemListElement\":[{\"@type\":\"ListItem\",\"position\":1,\"name\":\"Home\",\"item\":\"https:\/\/www.kbcls.org\/fr\/\"},{\"@type\":\"ListItem\",\"position\":2,\"name\":\"Qui nous sommes\",\"item\":\"https:\/\/www.kbcls.org\/fr\/qui-nous-sommes\/\"},{\"@type\":\"ListItem\",\"position\":3,\"name\":\"Principes\"}]},{\"@type\":\"WebSite\",\"@id\":\"https:\/\/www.kbcls.org\/#website\",\"url\":\"https:\/\/www.kbcls.org\/\",\"name\":\"Kensington-Bellwoods Community Legal Services\",\"description\":\"\",\"potentialAction\":[{\"@type\":\"SearchAction\",\"target\":{\"@type\":\"EntryPoint\",\"urlTemplate\":\"https:\/\/www.kbcls.org\/?s={search_term_string}\"},\"query-input\":{\"@type\":\"PropertyValueSpecification\",\"valueRequired\":true,\"valueName\":\"search_term_string\"}}],\"inLanguage\":\"fr-FR\"}]}<\/script>\n<!-- \/ Yoast SEO plugin. -->","yoast_head_json":{"title":"Principes &#8211; Kensington-Bellwoods Community Legal Services","robots":{"index":"index","follow":"follow","max-snippet":"max-snippet:-1","max-image-preview":"max-image-preview:large","max-video-preview":"max-video-preview:-1"},"canonical":"https:\/\/www.kbcls.org\/fr\/qui-nous-sommes\/principes\/","og_locale":"fr_FR","og_type":"article","og_title":"Principes &#8211; Kensington-Bellwoods Community Legal Services","og_description":"Les Services juridiques communautaires de Kensington-Bellwoods s&rsquo;engagent \u00e0 fournir une assistance juridique aux personnes \u00e0 faible revenu dans la zone d\u00e9limit\u00e9e par l&rsquo;avenue Ossington \/ l&rsquo;avenue Strachan, la rue Yonge, la rue Bloor et le lac Ontario. Cela comprend la fourniture de conseils sommaires, de repr\u00e9sentation et d&rsquo;assistance, ainsi que l&rsquo;aiguillage sur des questions non juridiques qui int\u00e9ressent les clients;","og_url":"https:\/\/www.kbcls.org\/fr\/qui-nous-sommes\/principes\/","og_site_name":"Kensington-Bellwoods Community Legal Services","article_modified_time":"2021-03-06T17:37:16+00:00","twitter_card":"summary_large_image","twitter_misc":{"Dur\u00e9e de lecture estim\u00e9e":"1 minute"},"schema":{"@context":"https:\/\/schema.org","@graph":[{"@type":"WebPage","@id":"https:\/\/www.kbcls.org\/fr\/qui-nous-sommes\/principes\/","url":"https:\/\/www.kbcls.org\/fr\/qui-nous-sommes\/principes\/","name":"Principes &#8211; Kensington-Bellwoods Community Legal Services","isPartOf":{"@id":"https:\/\/www.kbcls.org\/#website"},"datePublished":"2021-03-06T17:37:10+00:00","dateModified":"2021-03-06T17:37:16+00:00","breadcrumb":{"@id":"https:\/\/www.kbcls.org\/fr\/qui-nous-sommes\/principes\/#breadcrumb"},"inLanguage":"fr-FR","potentialAction":[{"@type":"ReadAction","target":["https:\/\/www.kbcls.org\/fr\/qui-nous-sommes\/principes\/"]}]},{"@type":"BreadcrumbList","@id":"https:\/\/www.kbcls.org\/fr\/qui-nous-sommes\/principes\/#breadcrumb","itemListElement":[{"@type":"ListItem","position":1,"name":"Home","item":"https:\/\/www.kbcls.org\/fr\/"},{"@type":"ListItem","position":2,"name":"Qui nous sommes","item":"https:\/\/www.kbcls.org\/fr\/qui-nous-sommes\/"},{"@type":"ListItem","position":3,"name":"Principes"}]},{"@type":"WebSite","@id":"https:\/\/www.kbcls.org\/#website","url":"https:\/\/www.kbcls.org\/","name":"Kensington-Bellwoods Community Legal Services","description":"","potentialAction":[{"@type":"SearchAction","target":{"@type":"EntryPoint","urlTemplate":"https:\/\/www.kbcls.org\/?s={search_term_string}"},"query-input":{"@type":"PropertyValueSpecification","valueRequired":true,"valueName":"search_term_string"}}],"inLanguage":"fr-FR"}]}},"_links":{"self":[{"href":"https:\/\/www.kbcls.org\/fr\/wp-json\/wp\/v2\/pages\/1354","targetHints":{"allow":["GET"]}}],"collection":[{"href":"https:\/\/www.kbcls.org\/fr\/wp-json\/wp\/v2\/pages"}],"about":[{"href":"https:\/\/www.kbcls.org\/fr\/wp-json\/wp\/v2\/types\/page"}],"author":[{"embeddable":true,"href":"https:\/\/www.kbcls.org\/fr\/wp-json\/wp\/v2\/users\/2"}],"replies":[{"embeddable":true,"href":"https:\/\/www.kbcls.org\/fr\/wp-json\/wp\/v2\/comments?post=1354"}],"version-history":[{"count":1,"href":"https:\/\/www.kbcls.org\/fr\/wp-json\/wp\/v2\/pages\/1354\/revisions"}],"predecessor-version":[{"id":1355,"href":"https:\/\/www.kbcls.org\/fr\/wp-json\/wp\/v2\/pages\/1354\/revisions\/1355"}],"up":[{"embeddable":true,"href":"https:\/\/www.kbcls.org\/fr\/wp-json\/wp\/v2\/pages\/1337"}],"wp:attachment":[{"href":"https:\/\/www.kbcls.org\/fr\/wp-json\/wp\/v2\/media?parent=1354"}],"curies":[{"name":"wp","href":"https:\/\/api.w.org\/{rel}","templated":true}]}}