{"id":1358,"date":"2021-03-06T12:41:00","date_gmt":"2021-03-06T17:41:00","guid":{"rendered":"https:\/\/www.kbcls.org\/?page_id=1358"},"modified":"2021-03-06T12:41:07","modified_gmt":"2021-03-06T17:41:07","slug":"reconnaissance-territorial","status":"publish","type":"page","link":"https:\/\/www.kbcls.org\/fr\/qui-nous-sommes\/reconnaissance-territorial\/","title":{"rendered":"Reconnaissance territorial"},"content":{"rendered":"\n<p>Nous reconnaissons que le bureau des services juridiques communautaires de Kensington-Bellwoods se trouve sur le territoire traditionnel de nombreuses nations, y compris les Mississaugas of the Credit, les Anishnabeg, les Chippewa, les Haudenosaunee et les Wendat, et abrite maintenant de nombreuses Premi\u00e8res Nations diverses, Peuples inuits et m\u00e9tis. Nous reconnaissons \u00e9galement que Tkaronto, maintenant connue sous le nom de Toronto, est couverte par le Trait\u00e9 13 avec les Mississaugas du Cr\u00e9dit, ainsi que par les Trait\u00e9s Williams sign\u00e9s avec de nombreuses bandes de Mississaugas et de Chippewa.<\/p>\n<p>Nous sommes tous des signataires de trait\u00e9s. Nous sommes tous venus ici en tant que colons, immigrants et nouveaux arrivants de cette g\u00e9n\u00e9ration ou des g\u00e9n\u00e9rations pass\u00e9es. Il y a aussi des g\u00e9n\u00e9rations pass\u00e9es qui sont venues ici involontairement, notamment en raison de la traite transatlantique des esclaves. Et ainsi, nous honorons et rendons \u00e9galement hommage aux anc\u00eatres d&rsquo;origine et d&rsquo;ascendance africaine.<\/p>\n","protected":false},"excerpt":{"rendered":"<p>Nous reconnaissons que le bureau des services juridiques communautaires de Kensington-Bellwoods se trouve sur le territoire traditionnel de nombreuses nations, y compris les Mississaugas of the Credit, les Anishnabeg, les Chippewa, les Haudenosaunee et les Wendat, et abrite maintenant de nombreuses Premi\u00e8res Nations diverses, Peuples inuits et m\u00e9tis. Nous reconnaissons \u00e9galement que Tkaronto,<\/p>\n","protected":false},"author":2,"featured_media":0,"parent":1337,"menu_order":0,"comment_status":"closed","ping_status":"closed","template":"","meta":{"footnotes":""},"class_list":["post-1358","page","type-page","status-publish","hentry"],"yoast_head":"<!-- This site is optimized with the Yoast SEO plugin v27.0 - https:\/\/yoast.com\/product\/yoast-seo-wordpress\/ -->\n<title>Reconnaissance territorial &#8211; Kensington-Bellwoods Community Legal Services<\/title>\n<meta name=\"robots\" content=\"index, follow, max-snippet:-1, max-image-preview:large, max-video-preview:-1\" \/>\n<link rel=\"canonical\" href=\"https:\/\/www.kbcls.org\/fr\/qui-nous-sommes\/reconnaissance-territorial\/\" \/>\n<meta property=\"og:locale\" content=\"fr_FR\" \/>\n<meta property=\"og:type\" content=\"article\" \/>\n<meta property=\"og:title\" content=\"Reconnaissance territorial &#8211; Kensington-Bellwoods Community Legal Services\" \/>\n<meta property=\"og:description\" content=\"Nous reconnaissons que le bureau des services juridiques communautaires de Kensington-Bellwoods se trouve sur le territoire traditionnel de nombreuses nations, y compris les Mississaugas of the Credit, les Anishnabeg, les Chippewa, les Haudenosaunee et les Wendat, et abrite maintenant de nombreuses Premi\u00e8res Nations diverses, Peuples inuits et m\u00e9tis. Nous reconnaissons \u00e9galement que Tkaronto,\" \/>\n<meta property=\"og:url\" content=\"https:\/\/www.kbcls.org\/fr\/qui-nous-sommes\/reconnaissance-territorial\/\" \/>\n<meta property=\"og:site_name\" content=\"Kensington-Bellwoods Community Legal Services\" \/>\n<meta property=\"article:modified_time\" content=\"2021-03-06T17:41:07+00:00\" \/>\n<meta name=\"twitter:card\" content=\"summary_large_image\" \/>\n<meta name=\"twitter:label1\" content=\"Dur\u00e9e de lecture estim\u00e9e\" \/>\n\t<meta name=\"twitter:data1\" content=\"1 minute\" \/>\n<script type=\"application\/ld+json\" class=\"yoast-schema-graph\">{\"@context\":\"https:\/\/schema.org\",\"@graph\":[{\"@type\":\"WebPage\",\"@id\":\"https:\/\/www.kbcls.org\/fr\/qui-nous-sommes\/reconnaissance-territorial\/\",\"url\":\"https:\/\/www.kbcls.org\/fr\/qui-nous-sommes\/reconnaissance-territorial\/\",\"name\":\"Reconnaissance territorial &#8211; Kensington-Bellwoods Community Legal Services\",\"isPartOf\":{\"@id\":\"https:\/\/www.kbcls.org\/#website\"},\"datePublished\":\"2021-03-06T17:41:00+00:00\",\"dateModified\":\"2021-03-06T17:41:07+00:00\",\"breadcrumb\":{\"@id\":\"https:\/\/www.kbcls.org\/fr\/qui-nous-sommes\/reconnaissance-territorial\/#breadcrumb\"},\"inLanguage\":\"fr-FR\",\"potentialAction\":[{\"@type\":\"ReadAction\",\"target\":[\"https:\/\/www.kbcls.org\/fr\/qui-nous-sommes\/reconnaissance-territorial\/\"]}]},{\"@type\":\"BreadcrumbList\",\"@id\":\"https:\/\/www.kbcls.org\/fr\/qui-nous-sommes\/reconnaissance-territorial\/#breadcrumb\",\"itemListElement\":[{\"@type\":\"ListItem\",\"position\":1,\"name\":\"Home\",\"item\":\"https:\/\/www.kbcls.org\/fr\/\"},{\"@type\":\"ListItem\",\"position\":2,\"name\":\"Qui nous sommes\",\"item\":\"https:\/\/www.kbcls.org\/fr\/qui-nous-sommes\/\"},{\"@type\":\"ListItem\",\"position\":3,\"name\":\"Reconnaissance territorial\"}]},{\"@type\":\"WebSite\",\"@id\":\"https:\/\/www.kbcls.org\/#website\",\"url\":\"https:\/\/www.kbcls.org\/\",\"name\":\"Kensington-Bellwoods Community Legal Services\",\"description\":\"\",\"potentialAction\":[{\"@type\":\"SearchAction\",\"target\":{\"@type\":\"EntryPoint\",\"urlTemplate\":\"https:\/\/www.kbcls.org\/?s={search_term_string}\"},\"query-input\":{\"@type\":\"PropertyValueSpecification\",\"valueRequired\":true,\"valueName\":\"search_term_string\"}}],\"inLanguage\":\"fr-FR\"}]}<\/script>\n<!-- \/ Yoast SEO plugin. -->","yoast_head_json":{"title":"Reconnaissance territorial &#8211; Kensington-Bellwoods Community Legal Services","robots":{"index":"index","follow":"follow","max-snippet":"max-snippet:-1","max-image-preview":"max-image-preview:large","max-video-preview":"max-video-preview:-1"},"canonical":"https:\/\/www.kbcls.org\/fr\/qui-nous-sommes\/reconnaissance-territorial\/","og_locale":"fr_FR","og_type":"article","og_title":"Reconnaissance territorial &#8211; Kensington-Bellwoods Community Legal Services","og_description":"Nous reconnaissons que le bureau des services juridiques communautaires de Kensington-Bellwoods se trouve sur le territoire traditionnel de nombreuses nations, y compris les Mississaugas of the Credit, les Anishnabeg, les Chippewa, les Haudenosaunee et les Wendat, et abrite maintenant de nombreuses Premi\u00e8res Nations diverses, Peuples inuits et m\u00e9tis. Nous reconnaissons \u00e9galement que Tkaronto,","og_url":"https:\/\/www.kbcls.org\/fr\/qui-nous-sommes\/reconnaissance-territorial\/","og_site_name":"Kensington-Bellwoods Community Legal Services","article_modified_time":"2021-03-06T17:41:07+00:00","twitter_card":"summary_large_image","twitter_misc":{"Dur\u00e9e de lecture estim\u00e9e":"1 minute"},"schema":{"@context":"https:\/\/schema.org","@graph":[{"@type":"WebPage","@id":"https:\/\/www.kbcls.org\/fr\/qui-nous-sommes\/reconnaissance-territorial\/","url":"https:\/\/www.kbcls.org\/fr\/qui-nous-sommes\/reconnaissance-territorial\/","name":"Reconnaissance territorial &#8211; Kensington-Bellwoods Community Legal Services","isPartOf":{"@id":"https:\/\/www.kbcls.org\/#website"},"datePublished":"2021-03-06T17:41:00+00:00","dateModified":"2021-03-06T17:41:07+00:00","breadcrumb":{"@id":"https:\/\/www.kbcls.org\/fr\/qui-nous-sommes\/reconnaissance-territorial\/#breadcrumb"},"inLanguage":"fr-FR","potentialAction":[{"@type":"ReadAction","target":["https:\/\/www.kbcls.org\/fr\/qui-nous-sommes\/reconnaissance-territorial\/"]}]},{"@type":"BreadcrumbList","@id":"https:\/\/www.kbcls.org\/fr\/qui-nous-sommes\/reconnaissance-territorial\/#breadcrumb","itemListElement":[{"@type":"ListItem","position":1,"name":"Home","item":"https:\/\/www.kbcls.org\/fr\/"},{"@type":"ListItem","position":2,"name":"Qui nous sommes","item":"https:\/\/www.kbcls.org\/fr\/qui-nous-sommes\/"},{"@type":"ListItem","position":3,"name":"Reconnaissance territorial"}]},{"@type":"WebSite","@id":"https:\/\/www.kbcls.org\/#website","url":"https:\/\/www.kbcls.org\/","name":"Kensington-Bellwoods Community Legal Services","description":"","potentialAction":[{"@type":"SearchAction","target":{"@type":"EntryPoint","urlTemplate":"https:\/\/www.kbcls.org\/?s={search_term_string}"},"query-input":{"@type":"PropertyValueSpecification","valueRequired":true,"valueName":"search_term_string"}}],"inLanguage":"fr-FR"}]}},"_links":{"self":[{"href":"https:\/\/www.kbcls.org\/fr\/wp-json\/wp\/v2\/pages\/1358","targetHints":{"allow":["GET"]}}],"collection":[{"href":"https:\/\/www.kbcls.org\/fr\/wp-json\/wp\/v2\/pages"}],"about":[{"href":"https:\/\/www.kbcls.org\/fr\/wp-json\/wp\/v2\/types\/page"}],"author":[{"embeddable":true,"href":"https:\/\/www.kbcls.org\/fr\/wp-json\/wp\/v2\/users\/2"}],"replies":[{"embeddable":true,"href":"https:\/\/www.kbcls.org\/fr\/wp-json\/wp\/v2\/comments?post=1358"}],"version-history":[{"count":1,"href":"https:\/\/www.kbcls.org\/fr\/wp-json\/wp\/v2\/pages\/1358\/revisions"}],"predecessor-version":[{"id":1359,"href":"https:\/\/www.kbcls.org\/fr\/wp-json\/wp\/v2\/pages\/1358\/revisions\/1359"}],"up":[{"embeddable":true,"href":"https:\/\/www.kbcls.org\/fr\/wp-json\/wp\/v2\/pages\/1337"}],"wp:attachment":[{"href":"https:\/\/www.kbcls.org\/fr\/wp-json\/wp\/v2\/media?parent=1358"}],"curies":[{"name":"wp","href":"https:\/\/api.w.org\/{rel}","templated":true}]}}