{"id":1401,"date":"2021-03-06T15:18:04","date_gmt":"2021-03-06T20:18:04","guid":{"rendered":"https:\/\/www.kbcls.org\/?page_id=1401"},"modified":"2021-03-06T15:18:10","modified_gmt":"2021-03-06T20:18:10","slug":"confidentialite","status":"publish","type":"page","link":"https:\/\/www.kbcls.org\/fr\/nos-services\/confidentialite\/","title":{"rendered":"Confidentialit\u00e9"},"content":{"rendered":"\n<p>Toutes les informations que vous nous donnez sur votre probl\u00e8me juridique sont confidentielles &#8211; que nous vous fournissions des conseils, que nous vous renvoyions \u00e0 un autre endroit pour obtenir de l&rsquo;aide ou que nous vous repr\u00e9sentions devant un tribunal. Les seules exceptions sont si nous entendons des informations qui montrent une probabilit\u00e9 de pr\u00e9judice grave pour vous ou pour autrui, ou si nous recevons une demande d&rsquo;Aide juridique Ontario pour obtenir des informations financi\u00e8res d\u00e9montrant que vous \u00eates admissible \u00e0 nos services<\/p>\n","protected":false},"excerpt":{"rendered":"<p>Toutes les informations que vous nous donnez sur votre probl\u00e8me juridique sont confidentielles &#8211; que nous vous fournissions des conseils, que nous vous renvoyions \u00e0 un autre endroit pour obtenir de l&rsquo;aide ou que nous vous repr\u00e9sentions devant un tribunal. Les seules exceptions sont si nous entendons des informations qui montrent une probabilit\u00e9 de pr\u00e9judice grave pour vous ou pour autrui,<\/p>\n","protected":false},"author":2,"featured_media":0,"parent":1399,"menu_order":0,"comment_status":"closed","ping_status":"closed","template":"","meta":{"footnotes":""},"class_list":["post-1401","page","type-page","status-publish","hentry"],"yoast_head":"<!-- This site is optimized with the Yoast SEO plugin v27.0 - https:\/\/yoast.com\/product\/yoast-seo-wordpress\/ -->\n<title>Confidentialit\u00e9 &#8211; Kensington-Bellwoods Community Legal Services<\/title>\n<meta name=\"robots\" content=\"index, follow, max-snippet:-1, max-image-preview:large, max-video-preview:-1\" \/>\n<link rel=\"canonical\" href=\"https:\/\/www.kbcls.org\/fr\/nos-services\/confidentialite\/\" \/>\n<meta property=\"og:locale\" content=\"fr_FR\" \/>\n<meta property=\"og:type\" content=\"article\" \/>\n<meta property=\"og:title\" content=\"Confidentialit\u00e9 &#8211; Kensington-Bellwoods Community Legal Services\" \/>\n<meta property=\"og:description\" content=\"Toutes les informations que vous nous donnez sur votre probl\u00e8me juridique sont confidentielles &#8211; que nous vous fournissions des conseils, que nous vous renvoyions \u00e0 un autre endroit pour obtenir de l&rsquo;aide ou que nous vous repr\u00e9sentions devant un tribunal. Les seules exceptions sont si nous entendons des informations qui montrent une probabilit\u00e9 de pr\u00e9judice grave pour vous ou pour autrui,\" \/>\n<meta property=\"og:url\" content=\"https:\/\/www.kbcls.org\/fr\/nos-services\/confidentialite\/\" \/>\n<meta property=\"og:site_name\" content=\"Kensington-Bellwoods Community Legal Services\" \/>\n<meta property=\"article:modified_time\" content=\"2021-03-06T20:18:10+00:00\" \/>\n<meta name=\"twitter:card\" content=\"summary_large_image\" \/>\n<meta name=\"twitter:label1\" content=\"Dur\u00e9e de lecture estim\u00e9e\" \/>\n\t<meta name=\"twitter:data1\" content=\"1 minute\" \/>\n<script type=\"application\/ld+json\" class=\"yoast-schema-graph\">{\"@context\":\"https:\/\/schema.org\",\"@graph\":[{\"@type\":\"WebPage\",\"@id\":\"https:\/\/www.kbcls.org\/fr\/nos-services\/confidentialite\/\",\"url\":\"https:\/\/www.kbcls.org\/fr\/nos-services\/confidentialite\/\",\"name\":\"Confidentialit\u00e9 &#8211; Kensington-Bellwoods Community Legal Services\",\"isPartOf\":{\"@id\":\"https:\/\/www.kbcls.org\/#website\"},\"datePublished\":\"2021-03-06T20:18:04+00:00\",\"dateModified\":\"2021-03-06T20:18:10+00:00\",\"breadcrumb\":{\"@id\":\"https:\/\/www.kbcls.org\/fr\/nos-services\/confidentialite\/#breadcrumb\"},\"inLanguage\":\"fr-FR\",\"potentialAction\":[{\"@type\":\"ReadAction\",\"target\":[\"https:\/\/www.kbcls.org\/fr\/nos-services\/confidentialite\/\"]}]},{\"@type\":\"BreadcrumbList\",\"@id\":\"https:\/\/www.kbcls.org\/fr\/nos-services\/confidentialite\/#breadcrumb\",\"itemListElement\":[{\"@type\":\"ListItem\",\"position\":1,\"name\":\"Home\",\"item\":\"https:\/\/www.kbcls.org\/fr\/\"},{\"@type\":\"ListItem\",\"position\":2,\"name\":\"Nos services\",\"item\":\"https:\/\/www.kbcls.org\/fr\/nos-services\/\"},{\"@type\":\"ListItem\",\"position\":3,\"name\":\"Confidentialit\u00e9\"}]},{\"@type\":\"WebSite\",\"@id\":\"https:\/\/www.kbcls.org\/#website\",\"url\":\"https:\/\/www.kbcls.org\/\",\"name\":\"Kensington-Bellwoods Community Legal Services\",\"description\":\"\",\"potentialAction\":[{\"@type\":\"SearchAction\",\"target\":{\"@type\":\"EntryPoint\",\"urlTemplate\":\"https:\/\/www.kbcls.org\/?s={search_term_string}\"},\"query-input\":{\"@type\":\"PropertyValueSpecification\",\"valueRequired\":true,\"valueName\":\"search_term_string\"}}],\"inLanguage\":\"fr-FR\"}]}<\/script>\n<!-- \/ Yoast SEO plugin. -->","yoast_head_json":{"title":"Confidentialit\u00e9 &#8211; Kensington-Bellwoods Community Legal Services","robots":{"index":"index","follow":"follow","max-snippet":"max-snippet:-1","max-image-preview":"max-image-preview:large","max-video-preview":"max-video-preview:-1"},"canonical":"https:\/\/www.kbcls.org\/fr\/nos-services\/confidentialite\/","og_locale":"fr_FR","og_type":"article","og_title":"Confidentialit\u00e9 &#8211; Kensington-Bellwoods Community Legal Services","og_description":"Toutes les informations que vous nous donnez sur votre probl\u00e8me juridique sont confidentielles &#8211; que nous vous fournissions des conseils, que nous vous renvoyions \u00e0 un autre endroit pour obtenir de l&rsquo;aide ou que nous vous repr\u00e9sentions devant un tribunal. Les seules exceptions sont si nous entendons des informations qui montrent une probabilit\u00e9 de pr\u00e9judice grave pour vous ou pour autrui,","og_url":"https:\/\/www.kbcls.org\/fr\/nos-services\/confidentialite\/","og_site_name":"Kensington-Bellwoods Community Legal Services","article_modified_time":"2021-03-06T20:18:10+00:00","twitter_card":"summary_large_image","twitter_misc":{"Dur\u00e9e de lecture estim\u00e9e":"1 minute"},"schema":{"@context":"https:\/\/schema.org","@graph":[{"@type":"WebPage","@id":"https:\/\/www.kbcls.org\/fr\/nos-services\/confidentialite\/","url":"https:\/\/www.kbcls.org\/fr\/nos-services\/confidentialite\/","name":"Confidentialit\u00e9 &#8211; Kensington-Bellwoods Community Legal Services","isPartOf":{"@id":"https:\/\/www.kbcls.org\/#website"},"datePublished":"2021-03-06T20:18:04+00:00","dateModified":"2021-03-06T20:18:10+00:00","breadcrumb":{"@id":"https:\/\/www.kbcls.org\/fr\/nos-services\/confidentialite\/#breadcrumb"},"inLanguage":"fr-FR","potentialAction":[{"@type":"ReadAction","target":["https:\/\/www.kbcls.org\/fr\/nos-services\/confidentialite\/"]}]},{"@type":"BreadcrumbList","@id":"https:\/\/www.kbcls.org\/fr\/nos-services\/confidentialite\/#breadcrumb","itemListElement":[{"@type":"ListItem","position":1,"name":"Home","item":"https:\/\/www.kbcls.org\/fr\/"},{"@type":"ListItem","position":2,"name":"Nos services","item":"https:\/\/www.kbcls.org\/fr\/nos-services\/"},{"@type":"ListItem","position":3,"name":"Confidentialit\u00e9"}]},{"@type":"WebSite","@id":"https:\/\/www.kbcls.org\/#website","url":"https:\/\/www.kbcls.org\/","name":"Kensington-Bellwoods Community Legal Services","description":"","potentialAction":[{"@type":"SearchAction","target":{"@type":"EntryPoint","urlTemplate":"https:\/\/www.kbcls.org\/?s={search_term_string}"},"query-input":{"@type":"PropertyValueSpecification","valueRequired":true,"valueName":"search_term_string"}}],"inLanguage":"fr-FR"}]}},"_links":{"self":[{"href":"https:\/\/www.kbcls.org\/fr\/wp-json\/wp\/v2\/pages\/1401","targetHints":{"allow":["GET"]}}],"collection":[{"href":"https:\/\/www.kbcls.org\/fr\/wp-json\/wp\/v2\/pages"}],"about":[{"href":"https:\/\/www.kbcls.org\/fr\/wp-json\/wp\/v2\/types\/page"}],"author":[{"embeddable":true,"href":"https:\/\/www.kbcls.org\/fr\/wp-json\/wp\/v2\/users\/2"}],"replies":[{"embeddable":true,"href":"https:\/\/www.kbcls.org\/fr\/wp-json\/wp\/v2\/comments?post=1401"}],"version-history":[{"count":1,"href":"https:\/\/www.kbcls.org\/fr\/wp-json\/wp\/v2\/pages\/1401\/revisions"}],"predecessor-version":[{"id":1402,"href":"https:\/\/www.kbcls.org\/fr\/wp-json\/wp\/v2\/pages\/1401\/revisions\/1402"}],"up":[{"embeddable":true,"href":"https:\/\/www.kbcls.org\/fr\/wp-json\/wp\/v2\/pages\/1399"}],"wp:attachment":[{"href":"https:\/\/www.kbcls.org\/fr\/wp-json\/wp\/v2\/media?parent=1401"}],"curies":[{"name":"wp","href":"https:\/\/api.w.org\/{rel}","templated":true}]}}