{"id":1403,"date":"2021-03-06T15:18:52","date_gmt":"2021-03-06T20:18:52","guid":{"rendered":"https:\/\/www.kbcls.org\/?page_id=1403"},"modified":"2021-03-06T15:18:59","modified_gmt":"2021-03-06T20:18:59","slug":"admissibilite-financiere","status":"publish","type":"page","link":"https:\/\/www.kbcls.org\/fr\/nos-services\/admissibilite-financiere\/","title":{"rendered":"Admissibilit\u00e9 financi\u00e8re"},"content":{"rendered":"\n<p>Nous offrons des services juridiques gratuits aux personnes \u00e0 faible revenu qui vivent dans les limites territoriales de la clinique et qui sont admissibles financi\u00e8rement selon les lignes directrices d&rsquo;admissibilit\u00e9 financi\u00e8re d&rsquo;Aide juridique Ontario. Nos services juridiques vont du conseil juridique \u00e0 la repr\u00e9sentation devant les cours et tribunaux dans les domaines du droit que nous pratiquons. Avant de pouvoir fournir ces services, nous devons interroger les clients potentiels sur leur revenu, en fonction des lignes directrices \u00e9tablies par Aide juridique Ontario. Il se peut que nous ne soyons pas toujours en mesure de traiter tous les cas, m\u00eame si cela rel\u00e8ve de notre mandat, en fonction des ressources en personnel, du nombre \u00e9lev\u00e9 de cas et des crit\u00e8res de s\u00e9lection des cas.<\/p>\n","protected":false},"excerpt":{"rendered":"<p>Nous offrons des services juridiques gratuits aux personnes \u00e0 faible revenu qui vivent dans les limites territoriales de la clinique et qui sont admissibles financi\u00e8rement selon les lignes directrices d&rsquo;admissibilit\u00e9 financi\u00e8re d&rsquo;Aide juridique Ontario. Nos services juridiques vont du conseil juridique \u00e0 la repr\u00e9sentation devant les cours et tribunaux dans les domaines du droit que nous pratiquons.<\/p>\n","protected":false},"author":2,"featured_media":0,"parent":1399,"menu_order":0,"comment_status":"closed","ping_status":"closed","template":"","meta":{"footnotes":""},"class_list":["post-1403","page","type-page","status-publish","hentry"],"yoast_head":"<!-- This site is optimized with the Yoast SEO plugin v27.0 - https:\/\/yoast.com\/product\/yoast-seo-wordpress\/ -->\n<title>Admissibilit\u00e9 financi\u00e8re &#8211; Kensington-Bellwoods Community Legal Services<\/title>\n<meta name=\"robots\" content=\"index, follow, max-snippet:-1, max-image-preview:large, max-video-preview:-1\" \/>\n<link rel=\"canonical\" href=\"https:\/\/www.kbcls.org\/fr\/nos-services\/admissibilite-financiere\/\" \/>\n<meta property=\"og:locale\" content=\"fr_FR\" \/>\n<meta property=\"og:type\" content=\"article\" \/>\n<meta property=\"og:title\" content=\"Admissibilit\u00e9 financi\u00e8re &#8211; Kensington-Bellwoods Community Legal Services\" \/>\n<meta property=\"og:description\" content=\"Nous offrons des services juridiques gratuits aux personnes \u00e0 faible revenu qui vivent dans les limites territoriales de la clinique et qui sont admissibles financi\u00e8rement selon les lignes directrices d&rsquo;admissibilit\u00e9 financi\u00e8re d&rsquo;Aide juridique Ontario. Nos services juridiques vont du conseil juridique \u00e0 la repr\u00e9sentation devant les cours et tribunaux dans les domaines du droit que nous pratiquons.\" \/>\n<meta property=\"og:url\" content=\"https:\/\/www.kbcls.org\/fr\/nos-services\/admissibilite-financiere\/\" \/>\n<meta property=\"og:site_name\" content=\"Kensington-Bellwoods Community Legal Services\" \/>\n<meta property=\"article:modified_time\" content=\"2021-03-06T20:18:59+00:00\" \/>\n<meta name=\"twitter:card\" content=\"summary_large_image\" \/>\n<meta name=\"twitter:label1\" content=\"Dur\u00e9e de lecture estim\u00e9e\" \/>\n\t<meta name=\"twitter:data1\" content=\"1 minute\" \/>\n<script type=\"application\/ld+json\" class=\"yoast-schema-graph\">{\"@context\":\"https:\/\/schema.org\",\"@graph\":[{\"@type\":\"WebPage\",\"@id\":\"https:\/\/www.kbcls.org\/fr\/nos-services\/admissibilite-financiere\/\",\"url\":\"https:\/\/www.kbcls.org\/fr\/nos-services\/admissibilite-financiere\/\",\"name\":\"Admissibilit\u00e9 financi\u00e8re &#8211; Kensington-Bellwoods Community Legal Services\",\"isPartOf\":{\"@id\":\"https:\/\/www.kbcls.org\/#website\"},\"datePublished\":\"2021-03-06T20:18:52+00:00\",\"dateModified\":\"2021-03-06T20:18:59+00:00\",\"breadcrumb\":{\"@id\":\"https:\/\/www.kbcls.org\/fr\/nos-services\/admissibilite-financiere\/#breadcrumb\"},\"inLanguage\":\"fr-FR\",\"potentialAction\":[{\"@type\":\"ReadAction\",\"target\":[\"https:\/\/www.kbcls.org\/fr\/nos-services\/admissibilite-financiere\/\"]}]},{\"@type\":\"BreadcrumbList\",\"@id\":\"https:\/\/www.kbcls.org\/fr\/nos-services\/admissibilite-financiere\/#breadcrumb\",\"itemListElement\":[{\"@type\":\"ListItem\",\"position\":1,\"name\":\"Home\",\"item\":\"https:\/\/www.kbcls.org\/fr\/\"},{\"@type\":\"ListItem\",\"position\":2,\"name\":\"Nos services\",\"item\":\"https:\/\/www.kbcls.org\/fr\/nos-services\/\"},{\"@type\":\"ListItem\",\"position\":3,\"name\":\"Admissibilit\u00e9 financi\u00e8re\"}]},{\"@type\":\"WebSite\",\"@id\":\"https:\/\/www.kbcls.org\/#website\",\"url\":\"https:\/\/www.kbcls.org\/\",\"name\":\"Kensington-Bellwoods Community Legal Services\",\"description\":\"\",\"potentialAction\":[{\"@type\":\"SearchAction\",\"target\":{\"@type\":\"EntryPoint\",\"urlTemplate\":\"https:\/\/www.kbcls.org\/?s={search_term_string}\"},\"query-input\":{\"@type\":\"PropertyValueSpecification\",\"valueRequired\":true,\"valueName\":\"search_term_string\"}}],\"inLanguage\":\"fr-FR\"}]}<\/script>\n<!-- \/ Yoast SEO plugin. -->","yoast_head_json":{"title":"Admissibilit\u00e9 financi\u00e8re &#8211; Kensington-Bellwoods Community Legal Services","robots":{"index":"index","follow":"follow","max-snippet":"max-snippet:-1","max-image-preview":"max-image-preview:large","max-video-preview":"max-video-preview:-1"},"canonical":"https:\/\/www.kbcls.org\/fr\/nos-services\/admissibilite-financiere\/","og_locale":"fr_FR","og_type":"article","og_title":"Admissibilit\u00e9 financi\u00e8re &#8211; Kensington-Bellwoods Community Legal Services","og_description":"Nous offrons des services juridiques gratuits aux personnes \u00e0 faible revenu qui vivent dans les limites territoriales de la clinique et qui sont admissibles financi\u00e8rement selon les lignes directrices d&rsquo;admissibilit\u00e9 financi\u00e8re d&rsquo;Aide juridique Ontario. Nos services juridiques vont du conseil juridique \u00e0 la repr\u00e9sentation devant les cours et tribunaux dans les domaines du droit que nous pratiquons.","og_url":"https:\/\/www.kbcls.org\/fr\/nos-services\/admissibilite-financiere\/","og_site_name":"Kensington-Bellwoods Community Legal Services","article_modified_time":"2021-03-06T20:18:59+00:00","twitter_card":"summary_large_image","twitter_misc":{"Dur\u00e9e de lecture estim\u00e9e":"1 minute"},"schema":{"@context":"https:\/\/schema.org","@graph":[{"@type":"WebPage","@id":"https:\/\/www.kbcls.org\/fr\/nos-services\/admissibilite-financiere\/","url":"https:\/\/www.kbcls.org\/fr\/nos-services\/admissibilite-financiere\/","name":"Admissibilit\u00e9 financi\u00e8re &#8211; Kensington-Bellwoods Community Legal Services","isPartOf":{"@id":"https:\/\/www.kbcls.org\/#website"},"datePublished":"2021-03-06T20:18:52+00:00","dateModified":"2021-03-06T20:18:59+00:00","breadcrumb":{"@id":"https:\/\/www.kbcls.org\/fr\/nos-services\/admissibilite-financiere\/#breadcrumb"},"inLanguage":"fr-FR","potentialAction":[{"@type":"ReadAction","target":["https:\/\/www.kbcls.org\/fr\/nos-services\/admissibilite-financiere\/"]}]},{"@type":"BreadcrumbList","@id":"https:\/\/www.kbcls.org\/fr\/nos-services\/admissibilite-financiere\/#breadcrumb","itemListElement":[{"@type":"ListItem","position":1,"name":"Home","item":"https:\/\/www.kbcls.org\/fr\/"},{"@type":"ListItem","position":2,"name":"Nos services","item":"https:\/\/www.kbcls.org\/fr\/nos-services\/"},{"@type":"ListItem","position":3,"name":"Admissibilit\u00e9 financi\u00e8re"}]},{"@type":"WebSite","@id":"https:\/\/www.kbcls.org\/#website","url":"https:\/\/www.kbcls.org\/","name":"Kensington-Bellwoods Community Legal Services","description":"","potentialAction":[{"@type":"SearchAction","target":{"@type":"EntryPoint","urlTemplate":"https:\/\/www.kbcls.org\/?s={search_term_string}"},"query-input":{"@type":"PropertyValueSpecification","valueRequired":true,"valueName":"search_term_string"}}],"inLanguage":"fr-FR"}]}},"_links":{"self":[{"href":"https:\/\/www.kbcls.org\/fr\/wp-json\/wp\/v2\/pages\/1403","targetHints":{"allow":["GET"]}}],"collection":[{"href":"https:\/\/www.kbcls.org\/fr\/wp-json\/wp\/v2\/pages"}],"about":[{"href":"https:\/\/www.kbcls.org\/fr\/wp-json\/wp\/v2\/types\/page"}],"author":[{"embeddable":true,"href":"https:\/\/www.kbcls.org\/fr\/wp-json\/wp\/v2\/users\/2"}],"replies":[{"embeddable":true,"href":"https:\/\/www.kbcls.org\/fr\/wp-json\/wp\/v2\/comments?post=1403"}],"version-history":[{"count":1,"href":"https:\/\/www.kbcls.org\/fr\/wp-json\/wp\/v2\/pages\/1403\/revisions"}],"predecessor-version":[{"id":1404,"href":"https:\/\/www.kbcls.org\/fr\/wp-json\/wp\/v2\/pages\/1403\/revisions\/1404"}],"up":[{"embeddable":true,"href":"https:\/\/www.kbcls.org\/fr\/wp-json\/wp\/v2\/pages\/1399"}],"wp:attachment":[{"href":"https:\/\/www.kbcls.org\/fr\/wp-json\/wp\/v2\/media?parent=1403"}],"curies":[{"name":"wp","href":"https:\/\/api.w.org\/{rel}","templated":true}]}}