{"id":1431,"date":"2021-03-07T11:32:39","date_gmt":"2021-03-07T16:32:39","guid":{"rendered":"https:\/\/www.kbcls.org\/?page_id=1431"},"modified":"2021-03-07T11:32:47","modified_gmt":"2021-03-07T16:32:47","slug":"liens","status":"publish","type":"page","link":"https:\/\/www.kbcls.org\/fr\/liens\/","title":{"rendered":"Liens"},"content":{"rendered":"\n<p>Les services juridiques communautaires de Kensington-Bellwoods ne sont que l&rsquo;une des nombreuses organisations qui s&rsquo;efforcent d&rsquo;\u00e9radiquer la pauvret\u00e9, l&rsquo;itin\u00e9rance et l&rsquo;injustice. Il y en a des dizaines d&rsquo;autres \u00e0 Toronto. Le fait de contacter les sites Web de l&rsquo;un des groupes \u00e9num\u00e9r\u00e9s ci-dessous vous fournira des liens vers d&rsquo;autres organisations et agences.<\/p>\n<p>Si l&rsquo;un de ces liens ne fonctionne pas, veuillez contacter la clinique par e-mail \u00e0 <a href=\"mailto:kenbst3@lao.on.ca\">kenbst3@lao.on.ca<\/a> et laissez-nous savoir.<\/p>\n<h3>Pour plus d&rsquo;informations sur la clinique juridique de votre r\u00e9gion ou pour savoir comment demander un certificat d&rsquo;aide juridique, visitez:<\/h3>\n<p>Aide juridique Ontario (AJO)<br \/><a href=\"http:\/\/www.legalaid.on.ca\" target=\"_blank\" rel=\"noopener\">www.legalaid.on.ca<\/a><\/p>\n<h3>Pour \u00eatre r\u00e9f\u00e9r\u00e9 \u00e0 un avocat, visitez:<\/h3>\n<p>Service de r\u00e9f\u00e9rence aux avocats<strong> *<br \/><\/strong><a href=\"http:\/\/www.lsuc.on.ca\" target=\"_blank\" rel=\"noopener\">www.lsuc.on.ca<\/a><\/p>\n<p style=\"font-size: 14px;\"><strong>* <\/strong>REMARQUE: Vous recevrez le nom et le num\u00e9ro de t\u00e9l\u00e9phone d&rsquo;un avocat priv\u00e9 qui a accept\u00e9 de fournir une demi-heure d&rsquo;aide juridique gratuite.<\/p>\n<h3>Pour obtenir des renseignements sur la nouvelle Loi sur la protection des locataires et acc\u00e9der aux formulaires de demande aupr\u00e8s de la Commission de la location immobili\u00e8re de l&rsquo;Ontario, visitez:<\/h3>\n<p>Advocacy Centre for Tenants Ontario (ACTO)<br \/><a href=\"http:\/\/www.acto.ca\" target=\"_blank\" rel=\"noopener\">www.acto.ca<\/a><strong>\u00a0<\/strong><\/p>\n<p>Federation of Metro Tenants\u2019 Associations (FMTA)<br \/><a href=\"http:\/\/www.torontotenants.org\" target=\"_blank\" rel=\"noopener\">www.torontotenants.org<\/a><strong>\u00a0<\/strong><\/p>\n<p>Centre d&rsquo;auto-assistance du propri\u00e9taire<br \/><a href=\"http:\/\/www.landlordselfhelp.com\" target=\"_blank\" rel=\"noopener\">www.landlordselfhelp.com<\/a><\/p>\n<p>Commission de la location immobili\u00e8re, anciennement Tribunal du logement de l&rsquo;Ontario<br \/><a href=\"http:\/\/www.ltb.gov.on.ca\" target=\"_blank\" rel=\"noopener\">www.ltb.gov.on.ca<\/a><strong>\u00a0<\/strong><\/p>\n<h3>Pour obtenir des renseignements sur le Programme ontarien de soutien aux personnes handicap\u00e9es (y compris les politiques du POSPH) et le programme Ontario au travail, visitez:<\/h3>\n<p>Minist\u00e8re des services communautaires \u00e0 la famille et \u00e0 l\u2019enfance<br \/><a href=\"http:\/\/www.mcss.gov.on.ca\/en\/mcss\/programs\/social\/index.aspx\" target=\"_blank\" rel=\"noopener\">http:\/\/www.mcss.gov.on.ca\/en\/mcss\/programs\/social\/index.aspx<\/a><strong>\u00a0<\/strong><\/p>\n<h3>Pour obtenir des informations sur les revendications concernant l&rsquo;aide sociale, contactez:<\/h3>\n<p>Centre de d\u00e9fense de la s\u00e9curit\u00e9 du revenu (ISAC)<br \/><a href=\"http:\/\/www.incomesecurity.org\" target=\"_blank\" rel=\"noopener\">www.incomesecurity.org<\/a><\/p>\n<p>Les pensions publiques du Canada<br \/><a href=\"http:\/\/www.sdc.gc.ca\" target=\"_blank\" rel=\"noopener\">www.sdc.gc.ca<\/a><\/p>\n<h3>Pour plus d&rsquo;informations sur les documents d&rsquo;\u00e9ducation juridique publique et un bon de commande de publications gratuites d&rsquo;\u00e9ducation juridique publique, visitez:<\/h3>\n<p>\u00c9ducation juridique communautaire Ontario (CLEO)<br \/><a href=\"http:\/\/www.cleo.on.ca\" target=\"_blank\" rel=\"noopener\">www.cleo.on.ca<\/a><\/p>\n<h3>Pour en savoir plus sur l&rsquo;assurance-emploi et le R\u00e9gime de pensions du Canada, visitez:<\/h3>\n<p>Service Canada<br \/><a href=\"http:\/\/www.servicecanada.gc.ca\" target=\"_blank\" rel=\"noopener\">www.servicecanada.gc.ca<\/a><\/p>\n<h3>Autres liens susceptibles de vous int\u00e9resser:<\/h3>\n<p>Commission d&rsquo;indemnisation des victimes d&rsquo;actes criminels<br \/><a href=\"http:\/\/www.cicb.gov.on.ca\" target=\"_blank\" rel=\"noopener\">www.cicb.gov.on.ca<\/a><\/p>\n<p>Conseil ontarien des agences au service des immigrants (OCASI)<br \/><a href=\"http:\/\/www.ocasi.org\" target=\"_blank\" rel=\"noopener\">www.ocasi.org<\/a><\/p>\n<p>Democracy Watch<br \/><a href=\"http:\/\/www.dwatch.ca\" target=\"_blank\" rel=\"noopener\">www.dwatch.ca<\/a><strong>\u00a0<\/strong><\/p>\n<p>Ensemble des familles \u00e0 faible revenu (LIFT)<br \/><a href=\"http:\/\/www.lift.to\" target=\"_blank\" rel=\"noopener\">www.lift.to<\/a><strong>\u00a0<\/strong><\/p>\n<p>Organisation nationale anti-pauvret\u00e9 (NAPO)<br \/><a href=\"http:\/\/www.povnet.org\" target=\"_blank\" rel=\"noopener\">www.povnet.org<\/a><\/p>\n<p>Coalition ontarienne contre la pauvret\u00e9 (PCAP)<br \/><a href=\"http:\/\/www.ocap.ca\" target=\"_blank\" rel=\"noopener\">www.ocap.ca<\/a><strong>\u00a0<\/strong><\/p>\n<p>F\u00e9d\u00e9ration du travail de l&rsquo;Ontario (FTO)<br \/><a href=\"http:\/\/www.ofl.ca\" target=\"_blank\" rel=\"noopener\">www.ofl.ca<\/a><strong>\u00a0<\/strong><\/p>\n<p>Projet ontarien d&rsquo;organisation communautaire interclinique (OPICCO)<br \/><a href=\"http:\/\/opicco.org\" target=\"_blank\" rel=\"noopener\">http:\/\/opicco.org<\/a><strong>\u00a0<\/strong><\/p>\n<p>Soulevez le toit<br \/><a href=\"http:\/\/www.raisingtheroof.org\" target=\"_blank\" rel=\"noopener\">www.raisingtheroof.org<\/a><\/p>\n<p><strong>\u00a0<\/strong><\/p>\n","protected":false},"excerpt":{"rendered":"<p>Les services juridiques communautaires de Kensington-Bellwoods ne sont que l&rsquo;une des nombreuses organisations qui s&rsquo;efforcent d&rsquo;\u00e9radiquer la pauvret\u00e9, l&rsquo;itin\u00e9rance et l&rsquo;injustice. Il y en a des dizaines d&rsquo;autres \u00e0 Toronto. Le fait de contacter les sites Web de l&rsquo;un des groupes \u00e9num\u00e9r\u00e9s ci-dessous vous fournira des liens vers d&rsquo;autres organisations et agences.<\/p>\n","protected":false},"author":2,"featured_media":0,"parent":0,"menu_order":0,"comment_status":"closed","ping_status":"closed","template":"","meta":{"footnotes":""},"class_list":["post-1431","page","type-page","status-publish","hentry"],"yoast_head":"<!-- This site is optimized with the Yoast SEO plugin v27.0 - https:\/\/yoast.com\/product\/yoast-seo-wordpress\/ -->\n<title>Liens &#8211; Kensington-Bellwoods Community Legal Services<\/title>\n<meta name=\"robots\" content=\"index, follow, max-snippet:-1, max-image-preview:large, max-video-preview:-1\" \/>\n<link rel=\"canonical\" href=\"https:\/\/www.kbcls.org\/fr\/liens\/\" \/>\n<meta property=\"og:locale\" content=\"fr_FR\" \/>\n<meta property=\"og:type\" content=\"article\" \/>\n<meta property=\"og:title\" content=\"Liens &#8211; Kensington-Bellwoods Community Legal Services\" \/>\n<meta property=\"og:description\" content=\"Les services juridiques communautaires de Kensington-Bellwoods ne sont que l&rsquo;une des nombreuses organisations qui s&rsquo;efforcent d&rsquo;\u00e9radiquer la pauvret\u00e9, l&rsquo;itin\u00e9rance et l&rsquo;injustice. Il y en a des dizaines d&rsquo;autres \u00e0 Toronto. Le fait de contacter les sites Web de l&rsquo;un des groupes \u00e9num\u00e9r\u00e9s ci-dessous vous fournira des liens vers d&rsquo;autres organisations et agences.\" \/>\n<meta property=\"og:url\" content=\"https:\/\/www.kbcls.org\/fr\/liens\/\" \/>\n<meta property=\"og:site_name\" content=\"Kensington-Bellwoods Community Legal Services\" \/>\n<meta property=\"article:modified_time\" content=\"2021-03-07T16:32:47+00:00\" \/>\n<meta name=\"twitter:card\" content=\"summary_large_image\" \/>\n<meta name=\"twitter:label1\" content=\"Dur\u00e9e de lecture estim\u00e9e\" \/>\n\t<meta name=\"twitter:data1\" content=\"2 minutes\" \/>\n<script type=\"application\/ld+json\" class=\"yoast-schema-graph\">{\"@context\":\"https:\/\/schema.org\",\"@graph\":[{\"@type\":\"WebPage\",\"@id\":\"https:\/\/www.kbcls.org\/fr\/liens\/\",\"url\":\"https:\/\/www.kbcls.org\/fr\/liens\/\",\"name\":\"Liens &#8211; Kensington-Bellwoods Community Legal Services\",\"isPartOf\":{\"@id\":\"https:\/\/www.kbcls.org\/#website\"},\"datePublished\":\"2021-03-07T16:32:39+00:00\",\"dateModified\":\"2021-03-07T16:32:47+00:00\",\"breadcrumb\":{\"@id\":\"https:\/\/www.kbcls.org\/fr\/liens\/#breadcrumb\"},\"inLanguage\":\"fr-FR\",\"potentialAction\":[{\"@type\":\"ReadAction\",\"target\":[\"https:\/\/www.kbcls.org\/fr\/liens\/\"]}]},{\"@type\":\"BreadcrumbList\",\"@id\":\"https:\/\/www.kbcls.org\/fr\/liens\/#breadcrumb\",\"itemListElement\":[{\"@type\":\"ListItem\",\"position\":1,\"name\":\"Home\",\"item\":\"https:\/\/www.kbcls.org\/fr\/\"},{\"@type\":\"ListItem\",\"position\":2,\"name\":\"Liens\"}]},{\"@type\":\"WebSite\",\"@id\":\"https:\/\/www.kbcls.org\/#website\",\"url\":\"https:\/\/www.kbcls.org\/\",\"name\":\"Kensington-Bellwoods Community Legal Services\",\"description\":\"\",\"potentialAction\":[{\"@type\":\"SearchAction\",\"target\":{\"@type\":\"EntryPoint\",\"urlTemplate\":\"https:\/\/www.kbcls.org\/?s={search_term_string}\"},\"query-input\":{\"@type\":\"PropertyValueSpecification\",\"valueRequired\":true,\"valueName\":\"search_term_string\"}}],\"inLanguage\":\"fr-FR\"}]}<\/script>\n<!-- \/ Yoast SEO plugin. -->","yoast_head_json":{"title":"Liens &#8211; Kensington-Bellwoods Community Legal Services","robots":{"index":"index","follow":"follow","max-snippet":"max-snippet:-1","max-image-preview":"max-image-preview:large","max-video-preview":"max-video-preview:-1"},"canonical":"https:\/\/www.kbcls.org\/fr\/liens\/","og_locale":"fr_FR","og_type":"article","og_title":"Liens &#8211; Kensington-Bellwoods Community Legal Services","og_description":"Les services juridiques communautaires de Kensington-Bellwoods ne sont que l&rsquo;une des nombreuses organisations qui s&rsquo;efforcent d&rsquo;\u00e9radiquer la pauvret\u00e9, l&rsquo;itin\u00e9rance et l&rsquo;injustice. Il y en a des dizaines d&rsquo;autres \u00e0 Toronto. Le fait de contacter les sites Web de l&rsquo;un des groupes \u00e9num\u00e9r\u00e9s ci-dessous vous fournira des liens vers d&rsquo;autres organisations et agences.","og_url":"https:\/\/www.kbcls.org\/fr\/liens\/","og_site_name":"Kensington-Bellwoods Community Legal Services","article_modified_time":"2021-03-07T16:32:47+00:00","twitter_card":"summary_large_image","twitter_misc":{"Dur\u00e9e de lecture estim\u00e9e":"2 minutes"},"schema":{"@context":"https:\/\/schema.org","@graph":[{"@type":"WebPage","@id":"https:\/\/www.kbcls.org\/fr\/liens\/","url":"https:\/\/www.kbcls.org\/fr\/liens\/","name":"Liens &#8211; Kensington-Bellwoods Community Legal Services","isPartOf":{"@id":"https:\/\/www.kbcls.org\/#website"},"datePublished":"2021-03-07T16:32:39+00:00","dateModified":"2021-03-07T16:32:47+00:00","breadcrumb":{"@id":"https:\/\/www.kbcls.org\/fr\/liens\/#breadcrumb"},"inLanguage":"fr-FR","potentialAction":[{"@type":"ReadAction","target":["https:\/\/www.kbcls.org\/fr\/liens\/"]}]},{"@type":"BreadcrumbList","@id":"https:\/\/www.kbcls.org\/fr\/liens\/#breadcrumb","itemListElement":[{"@type":"ListItem","position":1,"name":"Home","item":"https:\/\/www.kbcls.org\/fr\/"},{"@type":"ListItem","position":2,"name":"Liens"}]},{"@type":"WebSite","@id":"https:\/\/www.kbcls.org\/#website","url":"https:\/\/www.kbcls.org\/","name":"Kensington-Bellwoods Community Legal Services","description":"","potentialAction":[{"@type":"SearchAction","target":{"@type":"EntryPoint","urlTemplate":"https:\/\/www.kbcls.org\/?s={search_term_string}"},"query-input":{"@type":"PropertyValueSpecification","valueRequired":true,"valueName":"search_term_string"}}],"inLanguage":"fr-FR"}]}},"_links":{"self":[{"href":"https:\/\/www.kbcls.org\/fr\/wp-json\/wp\/v2\/pages\/1431","targetHints":{"allow":["GET"]}}],"collection":[{"href":"https:\/\/www.kbcls.org\/fr\/wp-json\/wp\/v2\/pages"}],"about":[{"href":"https:\/\/www.kbcls.org\/fr\/wp-json\/wp\/v2\/types\/page"}],"author":[{"embeddable":true,"href":"https:\/\/www.kbcls.org\/fr\/wp-json\/wp\/v2\/users\/2"}],"replies":[{"embeddable":true,"href":"https:\/\/www.kbcls.org\/fr\/wp-json\/wp\/v2\/comments?post=1431"}],"version-history":[{"count":1,"href":"https:\/\/www.kbcls.org\/fr\/wp-json\/wp\/v2\/pages\/1431\/revisions"}],"predecessor-version":[{"id":1432,"href":"https:\/\/www.kbcls.org\/fr\/wp-json\/wp\/v2\/pages\/1431\/revisions\/1432"}],"wp:attachment":[{"href":"https:\/\/www.kbcls.org\/fr\/wp-json\/wp\/v2\/media?parent=1431"}],"curies":[{"name":"wp","href":"https:\/\/api.w.org\/{rel}","templated":true}]}}