{"id":1444,"date":"2021-03-07T11:46:40","date_gmt":"2021-03-07T16:46:40","guid":{"rendered":"https:\/\/www.kbcls.org\/?page_id=1444"},"modified":"2021-03-07T13:10:18","modified_gmt":"2021-03-07T18:10:18","slug":"conditions-generales","status":"publish","type":"page","link":"https:\/\/www.kbcls.org\/fr\/conditions-generales\/","title":{"rendered":"Conditions g\u00e9n\u00e9rales"},"content":{"rendered":"\n<p>En utilisant le site Web des services juridiques communautaires de Kensington-Bellwoods, vous acceptez d&rsquo;\u00eatre li\u00e9 par ces conditions d&rsquo;utilisation et par toute modification qui y est apport\u00e9e de temps \u00e0 autre. Le site Web des services juridiques communautaires de Kensington-Bellwoods a int\u00e9gr\u00e9 les informations juridiques de CLEO Justice pas-\u00e0-pas. Pour plus d&rsquo;informations sur Justice pas-\u00e0-pas, veuillez consulter les <a href=\"https:\/\/stepstojustice.ca\/fr\/d%C3%A9claration-de-confidentialit%C3%A9\" target=\"_blank\" rel=\"noopener\">conditions g\u00e9n\u00e9rales de Justice pas-\u00e0-pas<\/a>.<\/p>\n<h2>Droits d\u2019auteur et utilisation du mat\u00e9riel<\/h2>\n<p>Tout le contenu du site Web des services juridiques communautaires de Kensington-Bellwoods est prot\u00e9g\u00e9 par les lois sur les droits d&rsquo;auteur, les marques de commerce et autres, et est la propri\u00e9t\u00e9 des services juridiques de la communaut\u00e9 de Kensington-Bellwoods, sauf indication contraire.<\/p>\n<p>Tout mat\u00e9riel prot\u00e9g\u00e9 par les droits d&rsquo;auteur des services juridiques de la communaut\u00e9 de Kensington-Bellwoods peut \u00eatre t\u00e9l\u00e9charg\u00e9 et imprim\u00e9 dans son int\u00e9gralit\u00e9 \u00e0 des fins non commerciales ou \u00e9ducatives, avec cr\u00e9dit aux services juridiques de la communaut\u00e9 de Kensington-Bellwoods. Rien sur ce site Web ne peut \u00eatre, en tout ou en partie, vendu ou autrement transmis sous quelque forme ou par quelque moyen que ce soit \u00e0 des fins commerciales, sauf avec l&rsquo;autorisation \u00e9crite pr\u00e9alable de Kensington-Bellwoods Community Legal Services.<\/p>\n<p>Tout mat\u00e9riel prot\u00e9g\u00e9 par les droits d&rsquo;auteur de CLEO (qui comprend le contenu Justice pas-\u00e0-pas) peut \u00eatre t\u00e9l\u00e9charg\u00e9 et imprim\u00e9 dans son int\u00e9gralit\u00e9 \u00e0 des fins non commerciales ou \u00e9ducatives, avec le cr\u00e9dit de CLEO. Aucun contenu de Justice pas-\u00e8-pas ne peut \u00eatre, en tout ou en partie, vendu ou autrement transmis sous quelque forme ou par quelque moyen que ce soit \u00e0 des fins commerciales, sauf avec l&rsquo;autorisation \u00e9crite pr\u00e9alable de CLEO.<\/p>\n<p>Les services juridiques communautaires de Kensington-Bellwoods et le contenu de Justice pas-\u00e0-pas renvoient aux ressources qui sont prot\u00e9g\u00e9es par le droit d&rsquo;auteur d&rsquo;autres organisations. Veuillez lire les termes et conditions sur les sites Web concern\u00e9s.<\/p>\n<h2>Avis de non-responsabilit\u00e9<\/h2>\n<p>Le contenu des Services juridiques communautaires de Kensington-Bellwoods et du site Web de Justice pas-\u00e0-pas est fourni \u00e0 titre d&rsquo;information g\u00e9n\u00e9rale et non \u00e0 titre de conseil juridique. Si vous avez besoin de conseils sur un probl\u00e8me juridique sp\u00e9cifique, contactez un avocat ou les services juridiques communautaires de Kensington-Bellwoods ou une autre clinique juridique communautaire.<\/p>\n<p>Les informations sur ce site Web sont fournies \u00abtelles quelles\u00bb sans garantie d&rsquo;aucune sorte, expresse ou implicite, y compris, mais sans s&rsquo;y limiter, les garanties implicites de qualit\u00e9 marchande, d&rsquo;ad\u00e9quation \u00e0 un usage particulier, de non-contrefa\u00e7on ou de titre.<\/p>\n<p>Kensington-Bellwoods Community Legal Services et ses partenaires de collaboration n&rsquo;assument aucune responsabilit\u00e9 pour tout dommage de quelque nature que ce soit, y compris, sans limitation, les dommages indirects, sp\u00e9ciaux, cons\u00e9cutifs, punitifs ou accessoires de toute nature, qu&rsquo;ils soient contractuels ou d\u00e9lictuels, d\u00e9coulant de ou en relation. avec ce site Web, l&rsquo;incapacit\u00e9 d&rsquo;utiliser ce site Web ou l&rsquo;utilisation, la confiance ou la performance de tout mat\u00e9riel contenu dans ou accessible \u00e0 partir de ce site Web, ou de tout site Web li\u00e9, m\u00eame si nous sommes express\u00e9ment inform\u00e9s de la possibilit\u00e9 de tels dommages.<\/p>\n<p>L&rsquo;acc\u00e8s \u00e0 un site Web tiers \u00e0 partir du site Web des services juridiques de la communaut\u00e9 de Kensington-Bellwoods ne constitue pas une affiliation avec les services juridiques de la communaut\u00e9 de Kensington-Bellwoods ni l&rsquo;approbation par les services juridiques de la communaut\u00e9 de Kensington-Bellwoods de ces sites ou de leurs op\u00e9rateurs.<\/p>\n<h2>Confidentialit\u00e9<\/h2>\n<p>Veuillez consulter notre <a href=\"\/fr\/declaration-sur-la-confidentialite\/\">d\u00e9claration de confidentialit\u00e9<\/a><u>.<\/u><\/p>\n<h2>M\u00e9dias sociaux<\/h2>\n<p>Les services juridiques communautaires de Kensington-Bellwoods n&rsquo;utilisent actuellement pas les m\u00e9dias sociaux. Cette partie s&rsquo;applique si nous utilisons \u00e0 une date ult\u00e9rieure les canaux de m\u00e9dias sociaux. Nous pouvons utiliser des m\u00e9dias sociaux, tels que Twitter et Facebook, pour promouvoir le contenu sur le site Web des services juridiques communautaires de Kensington-Bellwoods. Si nous utilisons les m\u00e9dias sociaux, nous surveillerons les commentaires et les publications pendant les heures normales de bureau et nous nous r\u00e9servons le droit de supprimer tout ce que nous jugeons offensant de quelque mani\u00e8re que ce soit ou de promouvoir d&rsquo;autres services. S&rsquo;il y a des violations, nous nous r\u00e9servons le droit de bloquer ou d&rsquo;interdire les utilisateurs. Les commentaires publi\u00e9s sur nos canaux de m\u00e9dias sociaux ne refl\u00e8tent pas les opinions des Services juridiques communautaires de Kensington-Bellwoods, de nos bailleurs de fonds ou de nos partenaires.<\/p>\n<h2>Lois applicables<\/h2>\n<p>Cet accord entre vous, l&rsquo;utilisateur et les services juridiques communautaires de Kensington-Bellwoods, sera r\u00e9gi et interpr\u00e9t\u00e9 conform\u00e9ment aux lois de la province de l&rsquo;Ontario et aux lois du Canada qui y sont applicables. Vous consentez par la pr\u00e9sente et vous vous soumettez \u00e0 la comp\u00e9tence exclusive des tribunaux de la province de l&rsquo;Ontario dans toute proc\u00e9dure li\u00e9e \u00e0 cet accord.<\/p>\n<h2>Accord complet<\/h2>\n<p>Cet accord constitue l&rsquo;int\u00e9gralit\u00e9 de l&rsquo;accord entre vous et Kensington-Bellwoods Community Legal Services concernant l&rsquo;utilisation du site Web Kensington-Bellwoods Community Legal Services.<\/p>\n","protected":false},"excerpt":{"rendered":"<p>En utilisant le site Web des services juridiques communautaires de Kensington-Bellwoods, vous acceptez d&rsquo;\u00eatre li\u00e9 par ces conditions d&rsquo;utilisation et par toute modification qui y est apport\u00e9e de temps \u00e0 autre. Le site Web des services juridiques communautaires de Kensington-Bellwoods a int\u00e9gr\u00e9 les informations juridiques de CLEO Justice pas-\u00e0-pas. Pour plus d&rsquo;informations sur Justice pas-\u00e0-pas,<\/p>\n","protected":false},"author":2,"featured_media":0,"parent":0,"menu_order":101,"comment_status":"closed","ping_status":"closed","template":"","meta":{"footnotes":""},"class_list":["post-1444","page","type-page","status-publish","hentry"],"yoast_head":"<!-- This site is optimized with the Yoast SEO plugin v27.0 - https:\/\/yoast.com\/product\/yoast-seo-wordpress\/ -->\n<title>Conditions g\u00e9n\u00e9rales &#8211; Kensington-Bellwoods Community Legal Services<\/title>\n<meta name=\"robots\" content=\"index, follow, max-snippet:-1, max-image-preview:large, max-video-preview:-1\" \/>\n<link rel=\"canonical\" href=\"https:\/\/www.kbcls.org\/fr\/conditions-generales\/\" \/>\n<meta property=\"og:locale\" content=\"fr_FR\" \/>\n<meta property=\"og:type\" content=\"article\" \/>\n<meta property=\"og:title\" content=\"Conditions g\u00e9n\u00e9rales &#8211; Kensington-Bellwoods Community Legal Services\" \/>\n<meta property=\"og:description\" content=\"En utilisant le site Web des services juridiques communautaires de Kensington-Bellwoods, vous acceptez d&rsquo;\u00eatre li\u00e9 par ces conditions d&rsquo;utilisation et par toute modification qui y est apport\u00e9e de temps \u00e0 autre. Le site Web des services juridiques communautaires de Kensington-Bellwoods a int\u00e9gr\u00e9 les informations juridiques de CLEO Justice pas-\u00e0-pas. Pour plus d&rsquo;informations sur Justice pas-\u00e0-pas,\" \/>\n<meta property=\"og:url\" content=\"https:\/\/www.kbcls.org\/fr\/conditions-generales\/\" \/>\n<meta property=\"og:site_name\" content=\"Kensington-Bellwoods Community Legal Services\" \/>\n<meta property=\"article:modified_time\" content=\"2021-03-07T18:10:18+00:00\" \/>\n<meta name=\"twitter:card\" content=\"summary_large_image\" \/>\n<meta name=\"twitter:label1\" content=\"Dur\u00e9e de lecture estim\u00e9e\" \/>\n\t<meta name=\"twitter:data1\" content=\"4 minutes\" \/>\n<script type=\"application\/ld+json\" class=\"yoast-schema-graph\">{\"@context\":\"https:\/\/schema.org\",\"@graph\":[{\"@type\":\"WebPage\",\"@id\":\"https:\/\/www.kbcls.org\/fr\/conditions-generales\/\",\"url\":\"https:\/\/www.kbcls.org\/fr\/conditions-generales\/\",\"name\":\"Conditions g\u00e9n\u00e9rales &#8211; Kensington-Bellwoods Community Legal Services\",\"isPartOf\":{\"@id\":\"https:\/\/www.kbcls.org\/#website\"},\"datePublished\":\"2021-03-07T16:46:40+00:00\",\"dateModified\":\"2021-03-07T18:10:18+00:00\",\"breadcrumb\":{\"@id\":\"https:\/\/www.kbcls.org\/fr\/conditions-generales\/#breadcrumb\"},\"inLanguage\":\"fr-FR\",\"potentialAction\":[{\"@type\":\"ReadAction\",\"target\":[\"https:\/\/www.kbcls.org\/fr\/conditions-generales\/\"]}]},{\"@type\":\"BreadcrumbList\",\"@id\":\"https:\/\/www.kbcls.org\/fr\/conditions-generales\/#breadcrumb\",\"itemListElement\":[{\"@type\":\"ListItem\",\"position\":1,\"name\":\"Home\",\"item\":\"https:\/\/www.kbcls.org\/fr\/\"},{\"@type\":\"ListItem\",\"position\":2,\"name\":\"Conditions g\u00e9n\u00e9rales\"}]},{\"@type\":\"WebSite\",\"@id\":\"https:\/\/www.kbcls.org\/#website\",\"url\":\"https:\/\/www.kbcls.org\/\",\"name\":\"Kensington-Bellwoods Community Legal Services\",\"description\":\"\",\"potentialAction\":[{\"@type\":\"SearchAction\",\"target\":{\"@type\":\"EntryPoint\",\"urlTemplate\":\"https:\/\/www.kbcls.org\/?s={search_term_string}\"},\"query-input\":{\"@type\":\"PropertyValueSpecification\",\"valueRequired\":true,\"valueName\":\"search_term_string\"}}],\"inLanguage\":\"fr-FR\"}]}<\/script>\n<!-- \/ Yoast SEO plugin. -->","yoast_head_json":{"title":"Conditions g\u00e9n\u00e9rales &#8211; Kensington-Bellwoods Community Legal Services","robots":{"index":"index","follow":"follow","max-snippet":"max-snippet:-1","max-image-preview":"max-image-preview:large","max-video-preview":"max-video-preview:-1"},"canonical":"https:\/\/www.kbcls.org\/fr\/conditions-generales\/","og_locale":"fr_FR","og_type":"article","og_title":"Conditions g\u00e9n\u00e9rales &#8211; Kensington-Bellwoods Community Legal Services","og_description":"En utilisant le site Web des services juridiques communautaires de Kensington-Bellwoods, vous acceptez d&rsquo;\u00eatre li\u00e9 par ces conditions d&rsquo;utilisation et par toute modification qui y est apport\u00e9e de temps \u00e0 autre. Le site Web des services juridiques communautaires de Kensington-Bellwoods a int\u00e9gr\u00e9 les informations juridiques de CLEO Justice pas-\u00e0-pas. Pour plus d&rsquo;informations sur Justice pas-\u00e0-pas,","og_url":"https:\/\/www.kbcls.org\/fr\/conditions-generales\/","og_site_name":"Kensington-Bellwoods Community Legal Services","article_modified_time":"2021-03-07T18:10:18+00:00","twitter_card":"summary_large_image","twitter_misc":{"Dur\u00e9e de lecture estim\u00e9e":"4 minutes"},"schema":{"@context":"https:\/\/schema.org","@graph":[{"@type":"WebPage","@id":"https:\/\/www.kbcls.org\/fr\/conditions-generales\/","url":"https:\/\/www.kbcls.org\/fr\/conditions-generales\/","name":"Conditions g\u00e9n\u00e9rales &#8211; Kensington-Bellwoods Community Legal Services","isPartOf":{"@id":"https:\/\/www.kbcls.org\/#website"},"datePublished":"2021-03-07T16:46:40+00:00","dateModified":"2021-03-07T18:10:18+00:00","breadcrumb":{"@id":"https:\/\/www.kbcls.org\/fr\/conditions-generales\/#breadcrumb"},"inLanguage":"fr-FR","potentialAction":[{"@type":"ReadAction","target":["https:\/\/www.kbcls.org\/fr\/conditions-generales\/"]}]},{"@type":"BreadcrumbList","@id":"https:\/\/www.kbcls.org\/fr\/conditions-generales\/#breadcrumb","itemListElement":[{"@type":"ListItem","position":1,"name":"Home","item":"https:\/\/www.kbcls.org\/fr\/"},{"@type":"ListItem","position":2,"name":"Conditions g\u00e9n\u00e9rales"}]},{"@type":"WebSite","@id":"https:\/\/www.kbcls.org\/#website","url":"https:\/\/www.kbcls.org\/","name":"Kensington-Bellwoods Community Legal Services","description":"","potentialAction":[{"@type":"SearchAction","target":{"@type":"EntryPoint","urlTemplate":"https:\/\/www.kbcls.org\/?s={search_term_string}"},"query-input":{"@type":"PropertyValueSpecification","valueRequired":true,"valueName":"search_term_string"}}],"inLanguage":"fr-FR"}]}},"_links":{"self":[{"href":"https:\/\/www.kbcls.org\/fr\/wp-json\/wp\/v2\/pages\/1444","targetHints":{"allow":["GET"]}}],"collection":[{"href":"https:\/\/www.kbcls.org\/fr\/wp-json\/wp\/v2\/pages"}],"about":[{"href":"https:\/\/www.kbcls.org\/fr\/wp-json\/wp\/v2\/types\/page"}],"author":[{"embeddable":true,"href":"https:\/\/www.kbcls.org\/fr\/wp-json\/wp\/v2\/users\/2"}],"replies":[{"embeddable":true,"href":"https:\/\/www.kbcls.org\/fr\/wp-json\/wp\/v2\/comments?post=1444"}],"version-history":[{"count":3,"href":"https:\/\/www.kbcls.org\/fr\/wp-json\/wp\/v2\/pages\/1444\/revisions"}],"predecessor-version":[{"id":1507,"href":"https:\/\/www.kbcls.org\/fr\/wp-json\/wp\/v2\/pages\/1444\/revisions\/1507"}],"wp:attachment":[{"href":"https:\/\/www.kbcls.org\/fr\/wp-json\/wp\/v2\/media?parent=1444"}],"curies":[{"name":"wp","href":"https:\/\/api.w.org\/{rel}","templated":true}]}}